{"id":141206,"date":"2021-08-20T13:03:30","date_gmt":"2021-08-20T17:03:30","guid":{"rendered":"https:\/\/pepinierejasmin.com\/livraison\/"},"modified":"2022-01-04T15:47:29","modified_gmt":"2022-01-04T20:47:29","slug":"livraison","status":"publish","type":"page","link":"https:\/\/jardinjasmin.com\/en\/livraison\/","title":{"rendered":"Shipping"},"content":{"rendered":"\t\t<div data-elementor-type=\"wp-page\" data-elementor-id=\"141206\" class=\"elementor elementor-141206 elementor-6571\">\n\t\t\t\t\t\t<section class=\"elementor-section elementor-top-section elementor-element elementor-element-e5ff602 elementor-section-boxed elementor-section-height-default elementor-section-height-default\" data-id=\"e5ff602\" data-element_type=\"section\" data-e-type=\"section\">\r\n\t\t\t\t\t\t<div class=\"elementor-container elementor-column-gap-default\">\r\n\t\t\t\t\t\t\t\t\r\n\t\t\t\t\r\n\t\t\t\t\t\t\t\t<div class=\"elementor-column elementor-col-100 elementor-top-column elementor-element elementor-element-79514cb\" data-id=\"79514cb\" data-element_type=\"column\" data-e-type=\"column\">\n\t\t\t<div class=\"elementor-widget-wrap elementor-element-populated\">\n\t\t\t\t\t\t<div class=\"elementor-element elementor-element-880fdc5 elementor-widget elementor-widget-heading\" data-id=\"880fdc5\" data-element_type=\"widget\" data-e-type=\"widget\" data-widget_type=\"heading.default\">\n\t\t\t\t<div class=\"elementor-widget-container\">\n\t\t\t\t\t<h3 class=\"elementor-heading-title elementor-size-default\">Shipping cost according to your postal code<\/h3>\t\t\t\t<\/div>\n\t\t\t\t<\/div>\n\t\t\t\t\t<\/div>\n\t\t<\/div>\n\t\t\r\n\t\t\t\t\t\t\t\t\t\t<\/div>\r\n\t\t<\/section>\r\n\t\t\t\t<section class=\"elementor-section elementor-top-section elementor-element elementor-element-0d983ac elementor-section-boxed elementor-section-height-default elementor-section-height-default\" data-id=\"0d983ac\" data-element_type=\"section\" data-e-type=\"section\">\r\n\t\t\t\t\t\t<div class=\"elementor-container elementor-column-gap-default\">\r\n\t\t\t\t\t\t\t\t\r\n\t\t\t\t\r\n\t\t\t\t\t\t\t\t<div class=\"elementor-column elementor-col-100 elementor-top-column elementor-element elementor-element-6fd3ed4\" data-id=\"6fd3ed4\" data-element_type=\"column\" data-e-type=\"column\">\n\t\t\t<div class=\"elementor-widget-wrap elementor-element-populated\">\n\t\t\t\t\t\t<div class=\"elementor-element elementor-element-1471cef elementor-widget elementor-widget-shortcode\" data-id=\"1471cef\" data-element_type=\"widget\" data-e-type=\"widget\" data-widget_type=\"shortcode.default\">\n\t\t\t\t<div class=\"elementor-widget-container\">\n\t\t\t\t\t\t\t<div class=\"elementor-shortcode\"><div class=\"wpzc-pincode-checker\">\n\t<p class=\"wpzc-pincode-checker__title\"><strong>V\u00e9rifier si nous livrons dans votre localit\u00e9. 3 premiers caract\u00e8res<\/strong>\n\t\t<a class=\"wpzc-pincode-checker__change wpzc-pincode-checker__change--hide\" href=\"#\" data-wpzc-form-open>\n\t\t\t<img decoding=\"async\" src=\"https:\/\/jardinjasmin.com\/wp-content\/plugins\/woocommerce-pincode-zipcode-checker\/assets\/images\/icon-edit.svg\" alt=\"\/\/\">\n\t\t<\/a>\n\t<\/p>\n\t<form id=\"wpzc-store-pincode-checker-form\" class=\"wpzc-pincode-checker__form wpzc-pincode-checker__form--show\" action=\"#\" method=\"post\">\n\t\t<input type=\"text\" placeholder=\"Code postal\" name=\"pincode\" value=\"\" autocomplete=\"off\">\n\t\t<input type=\"submit\" class=\"button\" value=\"V\u00c9RIFIER\">\n\t<\/form>\n\t<div class=\"wpzc-pincode-checker__response\">\n\t\t\t<\/div>\n<\/div>\n<\/div>\n\t\t\t\t\t\t<\/div>\n\t\t\t\t<\/div>\n\t\t\t\t<div class=\"elementor-element elementor-element-89dbbc4 elementor-widget elementor-widget-image\" data-id=\"89dbbc4\" data-element_type=\"widget\" data-e-type=\"widget\" data-widget_type=\"image.default\">\n\t\t\t\t<div class=\"elementor-widget-container\">\n\t\t\t\t\t\t\t\t\t\t\t\t\t\t\t<img decoding=\"async\" width=\"173\" height=\"150\" src=\"https:\/\/jardinjasmin.com\/wp-content\/uploads\/2021\/08\/livraisonJasmin.jpg\" class=\"attachment-large size-large wp-image-6813\" alt=\"\" \/>\t\t\t\t\t\t\t\t\t\t\t\t\t\t\t<\/div>\n\t\t\t\t<\/div>\n\t\t\t\t\t<\/div>\n\t\t<\/div>\n\t\t\r\n\t\t\t\t\t\t\t\t\t\t<\/div>\r\n\t\t<\/section>\r\n\t\t\t\t<\/div>\n\t\t","protected":false},"excerpt":{"rendered":"<p>Shipping cost according to your postal code<\/p>\n","protected":false},"author":1,"featured_media":0,"parent":0,"menu_order":0,"comment_status":"closed","ping_status":"closed","template":"","meta":{"footnotes":""},"class_list":["post-141206","page","type-page","status-publish","hentry"],"_links":{"self":[{"href":"https:\/\/jardinjasmin.com\/en\/wp-json\/wp\/v2\/pages\/141206","targetHints":{"allow":["GET"]}}],"collection":[{"href":"https:\/\/jardinjasmin.com\/en\/wp-json\/wp\/v2\/pages"}],"about":[{"href":"https:\/\/jardinjasmin.com\/en\/wp-json\/wp\/v2\/types\/page"}],"author":[{"embeddable":true,"href":"https:\/\/jardinjasmin.com\/en\/wp-json\/wp\/v2\/users\/1"}],"replies":[{"embeddable":true,"href":"https:\/\/jardinjasmin.com\/en\/wp-json\/wp\/v2\/comments?post=141206"}],"version-history":[{"count":0,"href":"https:\/\/jardinjasmin.com\/en\/wp-json\/wp\/v2\/pages\/141206\/revisions"}],"wp:attachment":[{"href":"https:\/\/jardinjasmin.com\/en\/wp-json\/wp\/v2\/media?parent=141206"}],"curies":[{"name":"wp","href":"https:\/\/api.w.org\/{rel}","templated":true}]}}