{"id":141214,"date":"2022-01-04T15:48:39","date_gmt":"2022-01-04T20:48:39","guid":{"rendered":"https:\/\/pepinierejasmin.com\/?page_id=141214"},"modified":"2024-02-12T09:23:18","modified_gmt":"2024-02-12T14:23:18","slug":"online-shopping-policies-and-procedures","status":"publish","type":"page","link":"https:\/\/jardinjasmin.com\/en\/online-shopping-policies-and-procedures\/","title":{"rendered":"Online shopping: Policies and procedures"},"content":{"rendered":"\t\t<div data-elementor-type=\"wp-page\" data-elementor-id=\"141214\" class=\"elementor elementor-141214 elementor-3\">\n\t\t\t\t\t\t<section class=\"elementor-section elementor-top-section elementor-element elementor-element-4a547ed elementor-section-boxed elementor-section-height-default elementor-section-height-default\" data-id=\"4a547ed\" data-element_type=\"section\" data-e-type=\"section\">\r\n\t\t\t\t\t\t<div class=\"elementor-container elementor-column-gap-default\">\r\n\t\t\t\t\t\t\t\t\r\n\t\t\t\t\r\n\t\t\t\t\t\t\t\t<div class=\"elementor-column elementor-col-100 elementor-top-column elementor-element elementor-element-edc34c5\" data-id=\"edc34c5\" data-element_type=\"column\" data-e-type=\"column\">\n\t\t\t<div class=\"elementor-widget-wrap elementor-element-populated\">\n\t\t\t\t\t\t<div class=\"elementor-element elementor-element-f61bd06 elementor-widget-divider--view-line_icon elementor-view-default elementor-widget-divider--element-align-center elementor-widget elementor-widget-divider\" data-id=\"f61bd06\" data-element_type=\"widget\" data-e-type=\"widget\" data-widget_type=\"divider.default\">\n\t\t\t\t<div class=\"elementor-widget-container\">\n\t\t\t\t\t\t\t<div class=\"elementor-divider\">\n\t\t\t<span class=\"elementor-divider-separator\">\n\t\t\t\t\t\t\t<div class=\"elementor-icon elementor-divider__element\">\n\t\t\t\t\t<i aria-hidden=\"true\" class=\"fas fa-shopping-cart\"><\/i><\/div>\n\t\t\t\t\t\t<\/span>\n\t\t<\/div>\n\t\t\t\t\t\t<\/div>\n\t\t\t\t<\/div>\n\t\t\t\t\t<\/div>\n\t\t<\/div>\n\t\t\r\n\t\t\t\t\t\t\t\t\t\t<\/div>\r\n\t\t<\/section>\r\n\t\t\t\t<section class=\"elementor-section elementor-top-section elementor-element elementor-element-40821cf3 elementor-section-boxed elementor-section-height-default elementor-section-height-default\" data-id=\"40821cf3\" data-element_type=\"section\" data-e-type=\"section\">\r\n\t\t\t\t\t\t<div class=\"elementor-container elementor-column-gap-default\">\r\n\t\t\t\t\t\t\t\t\r\n\t\t\t\t\r\n\t\t\t\t\t\t\t\t<div class=\"elementor-column elementor-col-100 elementor-top-column elementor-element elementor-element-599198d5\" data-id=\"599198d5\" data-element_type=\"column\" data-e-type=\"column\">\n\t\t\t<div class=\"elementor-widget-wrap elementor-element-populated\">\n\t\t\t\t\t\t<div class=\"elementor-element elementor-element-be262d1 elementor-widget elementor-widget-text-editor\" data-id=\"be262d1\" data-element_type=\"widget\" data-e-type=\"widget\" data-widget_type=\"text-editor.default\">\n\t\t\t\t<div class=\"elementor-widget-container\">\n\t\t\t\t\t\t\t\t\t<p><span style=\"color: #70b001;\"><strong>CUSTOMER PROFILE<\/strong>:<\/span> Anyone wishing to place an order online must create a customer profile. A username and password are generated and will be used for all online transactions.<\/p><p><span style=\"color: #70b001;\"><strong>CONFIDENTIALITY<\/strong>:<\/span> P\u00e9pini\u00e8re Jasmin Ltd. assures that all information provided on line is kept confidential and undertakes not to divulge any information obtained during the creation of a profile.<\/p><p><span style=\"color: #70b001;\"><strong>AVAILABILITY<\/strong>:<\/span> Despite all the efforts made by P\u00e9pini\u00e8re Jasmin to ensure a regular supply, we unfortunately cannot guarantee the availability of the plants and formats chosen during the entire season.<\/p><p><span style=\"color: #70b001;\"><strong>ACCEPTED PAYMENT METHODS<\/strong>: <\/span>VISA, MASTERCARD<\/p>\t\t\t\t\t\t\t\t<\/div>\n\t\t\t\t<\/div>\n\t\t\t\t\t<\/div>\n\t\t<\/div>\n\t\t\r\n\t\t\t\t\t\t\t\t\t\t<\/div>\r\n\t\t<\/section>\r\n\t\t\t\t<section class=\"elementor-section elementor-top-section elementor-element elementor-element-f188d28 elementor-section-boxed elementor-section-height-default elementor-section-height-default\" data-id=\"f188d28\" data-element_type=\"section\" data-e-type=\"section\">\r\n\t\t\t\t\t\t<div class=\"elementor-container elementor-column-gap-default\">\r\n\t\t\t\t\t\t\t\t\r\n\t\t\t\t\r\n\t\t\t\t\t\t\t\t<div class=\"elementor-column elementor-col-100 elementor-top-column elementor-element elementor-element-b185c1e\" data-id=\"b185c1e\" data-element_type=\"column\" data-e-type=\"column\">\n\t\t\t<div class=\"elementor-widget-wrap elementor-element-populated\">\n\t\t\t\t\t\t<div class=\"elementor-element elementor-element-86c4f8a elementor-widget-divider--view-line_icon elementor-view-default elementor-widget-divider--element-align-center elementor-widget elementor-widget-divider\" data-id=\"86c4f8a\" data-element_type=\"widget\" data-e-type=\"widget\" data-widget_type=\"divider.default\">\n\t\t\t\t<div class=\"elementor-widget-container\">\n\t\t\t\t\t\t\t<div class=\"elementor-divider\">\n\t\t\t<span class=\"elementor-divider-separator\">\n\t\t\t\t\t\t\t<div class=\"elementor-icon elementor-divider__element\">\n\t\t\t\t\t<i aria-hidden=\"true\" class=\"fas fa-shipping-fast\"><\/i><\/div>\n\t\t\t\t\t\t<\/span>\n\t\t<\/div>\n\t\t\t\t\t\t<\/div>\n\t\t\t\t<\/div>\n\t\t\t\t\t<\/div>\n\t\t<\/div>\n\t\t\r\n\t\t\t\t\t\t\t\t\t\t<\/div>\r\n\t\t<\/section>\r\n\t\t\t\t<section class=\"elementor-section elementor-top-section elementor-element elementor-element-628260f elementor-section-boxed elementor-section-height-default elementor-section-height-default\" data-id=\"628260f\" data-element_type=\"section\" data-e-type=\"section\">\r\n\t\t\t\t\t\t<div class=\"elementor-container elementor-column-gap-default\">\r\n\t\t\t\t\t\t\t\t\r\n\t\t\t\t\r\n\t\t\t\t\t\t\t\t<div class=\"elementor-column elementor-col-100 elementor-top-column elementor-element elementor-element-b18cdfc\" data-id=\"b18cdfc\" data-element_type=\"column\" data-e-type=\"column\">\n\t\t\t<div class=\"elementor-widget-wrap elementor-element-populated\">\n\t\t\t\t\t\t<div class=\"elementor-element elementor-element-d0919e8 elementor-widget elementor-widget-text-editor\" data-id=\"d0919e8\" data-element_type=\"widget\" data-e-type=\"widget\" data-widget_type=\"text-editor.default\">\n\t\t\t\t<div class=\"elementor-widget-container\">\n\t\t\t\t\t\t\t\t\t<p><span style=\"color: #70b001;\"><strong>SHIPPING<\/strong> :<\/span> P\u00e9pini\u00e8re Jasmin Lt\u00e9e undertakes to deliver the orders within the deadlines set and determined during the telephone confirmation with the customer. The customer MUST BE PRESENT at the time of delivery for payment, inspection and acceptance of the delivered items. Please notify us QUICKLY by email or telephone of any irregularities in the products delivered (errors, breakages, ETC.).<\/p><p><span style=\"color: #70b001;\"><strong>TRANSPORT DAMAGE<\/strong> : <\/span>Any item damaged in transit will be replaced with an equivalent value free of charge. A customer desiring a refund rather than an exchange will have to pay a restocking fee of 15% of the value of the returned product. Shipping costs are NEVER refundable.<\/p>\t\t\t\t\t\t\t\t<\/div>\n\t\t\t\t<\/div>\n\t\t\t\t\t<\/div>\n\t\t<\/div>\n\t\t\r\n\t\t\t\t\t\t\t\t\t\t<\/div>\r\n\t\t<\/section>\r\n\t\t\t\t<section class=\"elementor-section elementor-top-section elementor-element elementor-element-e965914 elementor-section-boxed elementor-section-height-default elementor-section-height-default\" data-id=\"e965914\" data-element_type=\"section\" data-e-type=\"section\">\r\n\t\t\t\t\t\t<div class=\"elementor-container elementor-column-gap-default\">\r\n\t\t\t\t\t\t\t\t\r\n\t\t\t\t\r\n\t\t\t\t\t\t\t\t<div class=\"elementor-column elementor-col-100 elementor-top-column elementor-element elementor-element-4399214\" data-id=\"4399214\" data-element_type=\"column\" data-e-type=\"column\">\n\t\t\t<div class=\"elementor-widget-wrap elementor-element-populated\">\n\t\t\t\t\t\t<div class=\"elementor-element elementor-element-b9a0de7 elementor-widget-divider--view-line_icon elementor-view-default elementor-widget-divider--element-align-center elementor-widget elementor-widget-divider\" data-id=\"b9a0de7\" data-element_type=\"widget\" data-e-type=\"widget\" data-widget_type=\"divider.default\">\n\t\t\t\t<div class=\"elementor-widget-container\">\n\t\t\t\t\t\t\t<div class=\"elementor-divider\">\n\t\t\t<span class=\"elementor-divider-separator\">\n\t\t\t\t\t\t\t<div class=\"elementor-icon elementor-divider__element\">\n\t\t\t\t\t<i aria-hidden=\"true\" class=\"fas fa-pen\"><\/i><\/div>\n\t\t\t\t\t\t<\/span>\n\t\t<\/div>\n\t\t\t\t\t\t<\/div>\n\t\t\t\t<\/div>\n\t\t\t\t\t<\/div>\n\t\t<\/div>\n\t\t\r\n\t\t\t\t\t\t\t\t\t\t<\/div>\r\n\t\t<\/section>\r\n\t\t\t\t<section class=\"elementor-section elementor-top-section elementor-element elementor-element-617f4bb elementor-section-boxed elementor-section-height-default elementor-section-height-default\" data-id=\"617f4bb\" data-element_type=\"section\" data-e-type=\"section\">\r\n\t\t\t\t\t\t<div class=\"elementor-container elementor-column-gap-default\">\r\n\t\t\t\t\t\t\t\t\r\n\t\t\t\t\r\n\t\t\t\t\t\t\t\t<div class=\"elementor-column elementor-col-100 elementor-top-column elementor-element elementor-element-9037fa3\" data-id=\"9037fa3\" data-element_type=\"column\" data-e-type=\"column\">\n\t\t\t<div class=\"elementor-widget-wrap elementor-element-populated\">\n\t\t\t\t\t\t<div class=\"elementor-element elementor-element-90a7c8e elementor-widget elementor-widget-text-editor\" data-id=\"90a7c8e\" data-element_type=\"widget\" data-e-type=\"widget\" data-widget_type=\"text-editor.default\">\n\t\t\t\t<div class=\"elementor-widget-container\">\n\t\t\t\t\t\t\t\t\t<p><span style=\"color: #70b001;\"><strong>PRINTING MISTAKES AND ERRORS:<\/strong> <\/span>P\u00e9pini\u00e8re Jasmin Lt\u00e9e strives to maintain its site with the greatest possible accuracy. However, there may be some errors or typos. Accordingly, we reserve the right to refuse, correct or cancel an order for goods the price of which has been incorrectly displayed. The final confirmation of the prices of the goods ordered is made during the telephone confirmation with our advisor. <strong> A CUSTOMER WHO PLACES AN ORDER ONLINE THROUGH THIS SITE IS DEEMED TO HAVE READ, UNDERSTANDED AND ACCEPTED THE TERMS OF SALE MENTIONED ABOVE.<\/strong><\/p>\t\t\t\t\t\t\t\t<\/div>\n\t\t\t\t<\/div>\n\t\t\t\t\t<\/div>\n\t\t<\/div>\n\t\t\r\n\t\t\t\t\t\t\t\t\t\t<\/div>\r\n\t\t<\/section>\r\n\t\t\t\t<section class=\"elementor-section elementor-top-section elementor-element elementor-element-ad2b85a elementor-section-boxed elementor-section-height-default elementor-section-height-default\" data-id=\"ad2b85a\" data-element_type=\"section\" data-e-type=\"section\">\r\n\t\t\t\t\t\t<div class=\"elementor-container elementor-column-gap-default\">\r\n\t\t\t\t\t\t\t\t\r\n\t\t\t\t\r\n\t\t\t\t\t\t\t\t<div class=\"elementor-column elementor-col-100 elementor-top-column elementor-element elementor-element-629a7bc\" data-id=\"629a7bc\" data-element_type=\"column\" data-e-type=\"column\">\n\t\t\t<div class=\"elementor-widget-wrap elementor-element-populated\">\n\t\t\t\t\t\t<div class=\"elementor-element elementor-element-874d33a elementor-widget-divider--view-line_icon elementor-view-default elementor-widget-divider--element-align-center elementor-widget elementor-widget-divider\" data-id=\"874d33a\" data-element_type=\"widget\" data-e-type=\"widget\" data-widget_type=\"divider.default\">\n\t\t\t\t<div class=\"elementor-widget-container\">\n\t\t\t\t\t\t\t<div class=\"elementor-divider\">\n\t\t\t<span class=\"elementor-divider-separator\">\n\t\t\t\t\t\t\t<div class=\"elementor-icon elementor-divider__element\">\n\t\t\t\t\t<i aria-hidden=\"true\" class=\"fas fa-user-lock\"><\/i><\/div>\n\t\t\t\t\t\t<\/span>\n\t\t<\/div>\n\t\t\t\t\t\t<\/div>\n\t\t\t\t<\/div>\n\t\t\t\t\t<\/div>\n\t\t<\/div>\n\t\t\r\n\t\t\t\t\t\t\t\t\t\t<\/div>\r\n\t\t<\/section>\r\n\t\t\t\t<section class=\"elementor-section elementor-top-section elementor-element elementor-element-a439ef0 elementor-section-boxed elementor-section-height-default elementor-section-height-default\" data-id=\"a439ef0\" data-element_type=\"section\" data-e-type=\"section\">\r\n\t\t\t\t\t\t<div class=\"elementor-container elementor-column-gap-default\">\r\n\t\t\t\t\t\t\t\t\r\n\t\t\t\t\r\n\t\t\t\t\t\t\t\t<div class=\"elementor-column elementor-col-100 elementor-top-column elementor-element elementor-element-ce7428b\" data-id=\"ce7428b\" data-element_type=\"column\" data-e-type=\"column\">\n\t\t\t<div class=\"elementor-widget-wrap elementor-element-populated\">\n\t\t\t\t\t\t<div class=\"elementor-element elementor-element-aec705f elementor-widget elementor-widget-text-editor\" data-id=\"aec705f\" data-element_type=\"widget\" data-e-type=\"widget\" data-widget_type=\"text-editor.default\">\n\t\t\t\t<div class=\"elementor-widget-container\">\n\t\t\t\t\t\t\t\t\t<p><span style=\"color: #70b001;\"><strong>PRIVACY POLICY<br \/><\/strong><\/span><\/p><p>Faced with the development of new communication tools, it is necessary to pay particular attention to the protection of privacy. This is why we are committed to respecting the confidentiality of the personal information we collect.<\/p><p>By browsing our website, you acknowledge having read and understood this policy and consent to your data and personal information being processed in accordance with it, where applicable.<\/p><p><strong>Collection of information<\/strong><\/p><p>The personal information we collect is collected through forms and through the interactivity established between you and our website. We also use, as indicated in the following section, cookies and\/or log files to gather visitor information.<\/p><p><strong>Forms and interactivity:<\/strong><\/p><p>Your personal information is collected via forms, namely:<\/p><ul><li>Information and Order Form<\/li><li>Form using the Google reCAPTCHA v3 verification module<\/li><li>Contact form<\/li><\/ul><p>We use the information thus collected for the following purposes:<\/p><ul><li>Orders<\/li><li>Informations \/ promotionnal offers<\/li><li>Statistics<\/li><li>Google Ads<\/li><li>Form using the Google reCAPTCHA v3 verification module<\/li><li>Contact<\/li><\/ul><p>Your information is also collected through the interactivity that may be established between you and our website, as follows:<\/p><ul><li>Correspondance<\/li><\/ul><p>We use the information thus collected for the following purposes:<\/p><ul><li>Statistics<\/li><li>Contact<\/li><\/ul><p><strong>Right of opposition<\/strong><\/p><p>We are committed to offering you the right to object and withdraw your personal information. The right to object is understood as the possibility offered to Internet users to refuse that their personal information be used for certain purposes mentioned during collection.<\/p><p>The right of withdrawal is understood as the possibility offered to Internet users to request that their personal information no longer appear, for example, in a mailing list.<\/p><p>To exercise these rights, you can contact us:<\/p><p><strong>The exercise of this right will be:<\/strong><\/p><p><a href=\"mailto:confidentialite@jardinjasmin.com\">confidentialite@jardinjasmin.com<\/a><\/p><p><strong>Permission to access<\/strong><\/p><p>We undertake to recognize a right of access and rectification to data subjects wishing to consult, modify or even delete information concerning them.<\/p><p><strong>The exercise of this right will be:<\/strong><\/p><p><a href=\"mailto:confidentialite@jardinjasmin.com\">confidentialite@jardinjasmin.com<\/a><\/p><p><strong>Security<\/strong><\/p><p>The personal information we collect is stored in a secure environment. People working for us are required to respect the confidentiality of your information.<\/p><p>To ensure the security of your personal information, we use the following measures:<\/p><ul><li>SSL protocol<\/li><li>Access management &#8211; authorized person<\/li><li>Access management &#8211; data subject<\/li><li>Network monitoring software<\/li><li>Computer backup<\/li><li>Login password<\/li><li>Firewall<\/li><\/ul><p>We are committed to maintaining a high degree of confidentiality by integrating the latest technological innovations to ensure the confidentiality of your transactions. However, as no mechanism offers maximum security, some risk is always present when using the Internet to transmit personal information.<\/p>\t\t\t\t\t\t\t\t<\/div>\n\t\t\t\t<\/div>\n\t\t\t\t\t<\/div>\n\t\t<\/div>\n\t\t\r\n\t\t\t\t\t\t\t\t\t\t<\/div>\r\n\t\t<\/section>\r\n\t\t\t\t<\/div>\n\t\t","protected":false},"excerpt":{"rendered":"<p>CUSTOMER PROFILE: Anyone wishing to place an order online must create a customer profile. A username and password are generated and will be used for all online transactions. CONFIDENTIALITY: P\u00e9pini\u00e8re Jasmin Ltd. assures that all information provided on line is kept confidential and undertakes not to divulge any information obtained during the creation of a [&hellip;]<\/p>\n","protected":false},"author":1,"featured_media":0,"parent":0,"menu_order":0,"comment_status":"closed","ping_status":"open","template":"","meta":{"footnotes":""},"class_list":["post-141214","page","type-page","status-publish","hentry"],"_links":{"self":[{"href":"https:\/\/jardinjasmin.com\/en\/wp-json\/wp\/v2\/pages\/141214","targetHints":{"allow":["GET"]}}],"collection":[{"href":"https:\/\/jardinjasmin.com\/en\/wp-json\/wp\/v2\/pages"}],"about":[{"href":"https:\/\/jardinjasmin.com\/en\/wp-json\/wp\/v2\/types\/page"}],"author":[{"embeddable":true,"href":"https:\/\/jardinjasmin.com\/en\/wp-json\/wp\/v2\/users\/1"}],"replies":[{"embeddable":true,"href":"https:\/\/jardinjasmin.com\/en\/wp-json\/wp\/v2\/comments?post=141214"}],"version-history":[{"count":0,"href":"https:\/\/jardinjasmin.com\/en\/wp-json\/wp\/v2\/pages\/141214\/revisions"}],"wp:attachment":[{"href":"https:\/\/jardinjasmin.com\/en\/wp-json\/wp\/v2\/media?parent=141214"}],"curies":[{"name":"wp","href":"https:\/\/api.w.org\/{rel}","templated":true}]}}