{"id":102971,"date":"2015-01-30T19:02:41","date_gmt":"2015-01-30T19:02:41","guid":{"rendered":"https:\/\/pepinierejasmin.com\/?post_type=product&#038;p=102971"},"modified":"2023-01-25T09:23:48","modified_gmt":"2023-01-25T14:23:48","slug":"hedera-helix-baltica-2","status":"publish","type":"product","link":"https:\/\/jardinjasmin.com\/en\/produit\/hedera-helix-baltica-2\/","title":{"rendered":"Hedera helix"},"content":{"rendered":"<p><a href=\"http:\/\/www.planthardiness.gc.ca\/index.pl?m=1&amp;&amp;lang=en\" target=\"_blank\" rel=\"noopener\"><img decoding=\"async\" style=\"border: 0px solid currentColor; width: 131px; height: 109px;\" src=\"https:\/\/jardinjasmin.com\/wp-content\/uploads\/2011\/07\/products-zoneEN-669.jpg\" border=\"0\" \/><\/a> <a href=\"http:\/\/jardinjasmin.com\/commun\/zone_en.html\"><img decoding=\"async\" style=\"border: 0px solid currentColor; width: 158px; height: 109px;\" src=\"https:\/\/jardinjasmin.com\/wp-content\/uploads\/2011\/07\/products-informationEN-668.jpg\" \/><\/a> <a href=\"http:\/\/jardinjasmin.com\/commun\/legende_en.html\"><img decoding=\"async\" style=\"border: 0px solid currentColor; width: 132px; height: 45px;\" src=\"https:\/\/jardinjasmin.com\/wp-content\/uploads\/2011\/07\/products-format_en-716.jpg\" \/><\/a><\/p>\n","protected":false},"excerpt":{"rendered":"<p>Utilis\u00e9 comme couvre sol ou comme plante grimpante dans un endroit ombrager du cot\u00e9 nord de facon \u00e0 \u00e9viter la br\u00fblur du soleil hivernal. Sol frais et bien drain\u00e9.<\/p>\n","protected":false},"featured_media":152886,"template":"","meta":[],"product_cat":[1842],"product_tag":[],"class_list":{"0":"post-102971","1":"product","2":"type-product","3":"status-publish","4":"has-post-thumbnail","6":"product_cat-climbers","7":"pa_exposition-sun-shade","8":"pa_hauteur-plante-5-10m-en","9":"pa_largeur-plante-2-3m","10":"pa_protection-winter-protection","11":"pa_type-de-sol-rich-fresh-well-drained","12":"pa_vitesse-de-croissance-medium","13":"pa_zone-5-5","15":"first","16":"outofstock","17":"taxable","18":"shipping-taxable","19":"product-type-variable"},"tiered_pricing_type":"fixed","tiered_pricing_fixed_rules":[],"tiered_pricing_product_settings":{"layout":"default","base_unit_name":{"singular":null,"plural":null},"default_variation":null},"tiered_pricing_minimum_quantity":null,"tiered_pricing_roles_data":[],"tiered_pricing_percentage_rules":[],"_links":{"self":[{"href":"https:\/\/jardinjasmin.com\/en\/wp-json\/wp\/v2\/product\/102971","targetHints":{"allow":["GET"]}}],"collection":[{"href":"https:\/\/jardinjasmin.com\/en\/wp-json\/wp\/v2\/product"}],"about":[{"href":"https:\/\/jardinjasmin.com\/en\/wp-json\/wp\/v2\/types\/product"}],"wp:featuredmedia":[{"embeddable":true,"href":"https:\/\/jardinjasmin.com\/en\/wp-json\/wp\/v2\/media\/152886"}],"wp:attachment":[{"href":"https:\/\/jardinjasmin.com\/en\/wp-json\/wp\/v2\/media?parent=102971"}],"wp:term":[{"taxonomy":"product_cat","embeddable":true,"href":"https:\/\/jardinjasmin.com\/en\/wp-json\/wp\/v2\/product_cat?post=102971"},{"taxonomy":"product_tag","embeddable":true,"href":"https:\/\/jardinjasmin.com\/en\/wp-json\/wp\/v2\/product_tag?post=102971"}],"curies":[{"name":"wp","href":"https:\/\/api.w.org\/{rel}","templated":true}]}}