{"id":103112,"date":"2015-02-02T15:28:53","date_gmt":"2015-02-02T15:28:53","guid":{"rendered":"https:\/\/pepinierejasmin.com\/?post_type=product&#038;p=103112"},"modified":"2021-12-15T09:47:49","modified_gmt":"2021-12-15T14:47:49","slug":"pelath","status":"publish","type":"product","link":"https:\/\/jardinjasmin.com\/en\/produit\/pelath\/","title":{"rendered":"Pelath"},"content":{"rendered":"<p><span style=\"font-size: 16px;\"><strong><span style=\"color: #595959; font-family: Roboto; background-color: #ffffff;\">Product Code: OR-145<\/span><\/strong><\/span><\/p>\n<p><span style=\"font-size: 16px;\"><strong><span style=\"color: #595959; font-family: Roboto; background-color: #ffffff;\">Dimensions: 22\u2033 x 11\u2033 x 14.25\u2033<\/span><\/strong><\/span><\/p>\n","protected":false},"excerpt":{"rendered":"<p>B\u00e9ton de premi\u00e8re qualit\u00e9.<\/p>\n<p><strong>SPECIAL ORDER ONLY<\/strong><\/p>\n<p><strong>Write to us at accessoire@jardinjasmin.com<\/strong><\/p>\n<p>Finishes:\u00a0<span style=\"color: #0000ff;\"><a style=\"color: #0000ff;\" href=\"https:\/\/www.campaniainternational.com\/finishes\">https:\/\/www.campaniainternational.com\/finishes<\/a><\/span><\/p>\n","protected":false},"featured_media":140515,"template":"","meta":[],"product_cat":[2017],"product_tag":[],"class_list":{"0":"post-103112","1":"product","2":"type-product","3":"status-publish","4":"has-post-thumbnail","6":"product_brand-campania-international-inc","7":"product_cat-statues-2","9":"first","10":"outofstock","11":"taxable","12":"shipping-taxable","13":"purchasable","14":"product-type-simple"},"tiered_pricing_type":"fixed","tiered_pricing_fixed_rules":[],"tiered_pricing_product_settings":{"layout":"default","base_unit_name":{"singular":null,"plural":null},"default_variation":null},"tiered_pricing_minimum_quantity":null,"tiered_pricing_roles_data":[],"tiered_pricing_percentage_rules":[],"_links":{"self":[{"href":"https:\/\/jardinjasmin.com\/en\/wp-json\/wp\/v2\/product\/103112","targetHints":{"allow":["GET"]}}],"collection":[{"href":"https:\/\/jardinjasmin.com\/en\/wp-json\/wp\/v2\/product"}],"about":[{"href":"https:\/\/jardinjasmin.com\/en\/wp-json\/wp\/v2\/types\/product"}],"wp:featuredmedia":[{"embeddable":true,"href":"https:\/\/jardinjasmin.com\/en\/wp-json\/wp\/v2\/media\/140515"}],"wp:attachment":[{"href":"https:\/\/jardinjasmin.com\/en\/wp-json\/wp\/v2\/media?parent=103112"}],"wp:term":[{"taxonomy":"product_cat","embeddable":true,"href":"https:\/\/jardinjasmin.com\/en\/wp-json\/wp\/v2\/product_cat?post=103112"},{"taxonomy":"product_tag","embeddable":true,"href":"https:\/\/jardinjasmin.com\/en\/wp-json\/wp\/v2\/product_tag?post=103112"}],"curies":[{"name":"wp","href":"https:\/\/api.w.org\/{rel}","templated":true}]}}