{"id":105348,"date":"2016-02-09T15:37:02","date_gmt":"2016-02-09T15:37:02","guid":{"rendered":"https:\/\/pepinierejasmin.com\/?post_type=product&#038;p=105348"},"modified":"2023-02-23T07:50:09","modified_gmt":"2023-02-23T12:50:09","slug":"alyssum-wulfenianum-golden-spring-2","status":"publish","type":"product","link":"https:\/\/jardinjasmin.com\/en\/produit\/alyssum-wulfenianum-golden-spring-2\/","title":{"rendered":"Alyssum wulfenianum"},"content":{"rendered":"<p><a href=\"http:\/\/www.planthardiness.gc.ca\/index.pl?m=1&amp;&amp;lang=en\" target=\"_blank\" rel=\"noopener\"><img decoding=\"async\" style=\"border: 0px solid currentColor; width: 131px; height: 109px;\" src=\"https:\/\/jardinjasmin.com\/wp-content\/uploads\/2011\/07\/products-zoneEN-737.jpg\" border=\"0\" \/><\/a> <a href=\"http:\/\/jardinjasmin.com\/commun\/zone_en.html\"><img decoding=\"async\" style=\"border: 0px solid currentColor; width: 158px; height: 109px;\" src=\"https:\/\/jardinjasmin.com\/wp-content\/uploads\/2011\/07\/products-informationEN-735.jpg\" \/><\/a> <a href=\"http:\/\/jardinjasmin.com\/commun\/legende_en.html\"><img decoding=\"async\" style=\"border: 0px solid currentColor; width: 132px; height: 45px;\" src=\"https:\/\/jardinjasmin.com\/wp-content\/uploads\/2011\/07\/products-format_en-783.jpg\" \/><\/a><\/p>\n","protected":false},"excerpt":{"rendered":"<p>Excellent couvre-sol avec un feuillage gris-vert et des fleurs jaune dor\u00e9; parfait sur un mur\u00eat ou dans une plate-bande. Pr\u00e9f\u00e8re les sols secs ou tr\u00e8s bien drain\u00e9s. Tol\u00e8re les sols calcaires.<\/p>\n","protected":false},"featured_media":154331,"template":"","meta":[],"product_cat":[29328],"product_tag":[],"class_list":{"0":"post-105348","1":"product","2":"type-product","3":"status-publish","4":"has-post-thumbnail","6":"product_cat-perennials-en","7":"pa_exposition-sun","8":"pa_hauteur-plante-15-20cm-en","9":"pa_largeur-plante-35cm-en","10":"pa_type-de-sol-preferably-dry-very-well-drained-tolerates","11":"pa_zone-4-5","13":"first","14":"outofstock","15":"taxable","16":"shipping-taxable","17":"product-type-variable"},"tiered_pricing_type":"fixed","tiered_pricing_fixed_rules":[],"tiered_pricing_product_settings":{"layout":"default","base_unit_name":{"singular":null,"plural":null},"default_variation":null},"tiered_pricing_minimum_quantity":null,"tiered_pricing_roles_data":[],"tiered_pricing_percentage_rules":[],"_links":{"self":[{"href":"https:\/\/jardinjasmin.com\/en\/wp-json\/wp\/v2\/product\/105348","targetHints":{"allow":["GET"]}}],"collection":[{"href":"https:\/\/jardinjasmin.com\/en\/wp-json\/wp\/v2\/product"}],"about":[{"href":"https:\/\/jardinjasmin.com\/en\/wp-json\/wp\/v2\/types\/product"}],"wp:featuredmedia":[{"embeddable":true,"href":"https:\/\/jardinjasmin.com\/en\/wp-json\/wp\/v2\/media\/154331"}],"wp:attachment":[{"href":"https:\/\/jardinjasmin.com\/en\/wp-json\/wp\/v2\/media?parent=105348"}],"wp:term":[{"taxonomy":"product_cat","embeddable":true,"href":"https:\/\/jardinjasmin.com\/en\/wp-json\/wp\/v2\/product_cat?post=105348"},{"taxonomy":"product_tag","embeddable":true,"href":"https:\/\/jardinjasmin.com\/en\/wp-json\/wp\/v2\/product_tag?post=105348"}],"curies":[{"name":"wp","href":"https:\/\/api.w.org\/{rel}","templated":true}]}}