{"id":108273,"date":"2017-01-11T15:22:21","date_gmt":"2017-01-11T20:22:21","guid":{"rendered":"https:\/\/pepinierejasmin.com\/?post_type=product&#038;p=108273"},"modified":"2026-02-15T09:08:40","modified_gmt":"2026-02-15T14:08:40","slug":"fontaine-bambou-ajustable-3-grandeurs","status":"publish","type":"product","link":"https:\/\/jardinjasmin.com\/en\/produit\/fontaine-bambou-ajustable-3-grandeurs\/","title":{"rendered":"FONTAINE BAMBOU AJUSTABLE"},"content":{"rendered":"<p><iframe title=\"Bamboo Accents Fountain Kit - Adjustable Half Round Style\" width=\"1140\" height=\"641\" src=\"https:\/\/www.youtube.com\/embed\/_AFvboYzOWM?feature=oembed\" frameborder=\"0\" allow=\"accelerometer; autoplay; clipboard-write; encrypted-media; gyroscope; picture-in-picture; web-share\" referrerpolicy=\"strict-origin-when-cross-origin\" allowfullscreen><\/iframe><\/p>\n<p># produit:<\/p>\n<p>#10010 &#8211;\u00a0 \u00a07&#8243; de large<\/p>\n<p>#10020 &#8211; 12&#8243; de large<\/p>\n<p>&nbsp;<\/p>\n","protected":false},"excerpt":{"rendered":"<p>Fabriquez votre jardin d&#8217;eau facilement! R\u00e9sistant aux fissures.<\/p>\n<p>Chaque fontaine de bambou est fabriqu\u00e9 \u00e0 la main minutieusement selon les traditions anciennes depuis plusieurs g\u00e9n\u00e9rations.<\/p>\n<p>Pompe incluse.<\/p>\n<p><em>Bol vendu s\u00e9par\u00e9ment.<\/em><\/p>\n","protected":false},"featured_media":137366,"template":"","meta":[],"product_cat":[29343],"product_tag":[],"class_list":{"0":"post-108273","1":"product","2":"type-product","3":"status-publish","4":"has-post-thumbnail","6":"product_brand-bamboo-accents","7":"product_cat-fountains-pots-statue-deco-2","8":"pa_format-7po","9":"pa_format-12po","10":"pa_format-18po","12":"first","13":"instock","14":"taxable","15":"shipping-taxable","16":"purchasable","17":"product-type-variable"},"tiered_pricing_type":"fixed","tiered_pricing_fixed_rules":[],"tiered_pricing_product_settings":{"layout":"default","base_unit_name":{"singular":null,"plural":null},"default_variation":null},"tiered_pricing_minimum_quantity":null,"tiered_pricing_roles_data":[],"tiered_pricing_percentage_rules":[],"_links":{"self":[{"href":"https:\/\/jardinjasmin.com\/en\/wp-json\/wp\/v2\/product\/108273","targetHints":{"allow":["GET"]}}],"collection":[{"href":"https:\/\/jardinjasmin.com\/en\/wp-json\/wp\/v2\/product"}],"about":[{"href":"https:\/\/jardinjasmin.com\/en\/wp-json\/wp\/v2\/types\/product"}],"wp:featuredmedia":[{"embeddable":true,"href":"https:\/\/jardinjasmin.com\/en\/wp-json\/wp\/v2\/media\/137366"}],"wp:attachment":[{"href":"https:\/\/jardinjasmin.com\/en\/wp-json\/wp\/v2\/media?parent=108273"}],"wp:term":[{"taxonomy":"product_cat","embeddable":true,"href":"https:\/\/jardinjasmin.com\/en\/wp-json\/wp\/v2\/product_cat?post=108273"},{"taxonomy":"product_tag","embeddable":true,"href":"https:\/\/jardinjasmin.com\/en\/wp-json\/wp\/v2\/product_tag?post=108273"}],"curies":[{"name":"wp","href":"https:\/\/api.w.org\/{rel}","templated":true}]}}