{"id":108317,"date":"2017-01-11T15:57:34","date_gmt":"2017-01-11T15:57:34","guid":{"rendered":"https:\/\/pepinierejasmin.com\/?post_type=product&#038;p=108317"},"modified":"2026-02-15T09:08:40","modified_gmt":"2026-02-15T14:08:40","slug":"fontaine-bambou-bascule-2-grandeurs","status":"publish","type":"product","link":"https:\/\/jardinjasmin.com\/en\/produit\/fontaine-bambou-bascule-2-grandeurs\/","title":{"rendered":"FONTAINE BAMBOU BASCULE"},"content":{"rendered":"<p># produit:<\/p>\n<p>#11000\u00a0 &#8211;\u00a0 704140\u00a0 &#8211;\u00a0 12&#8243; de haut<\/p>\n","protected":false},"excerpt":{"rendered":"<p>Fabriquez votre jardin d&#8217;eau facilement! R\u00e9sistant aux fissures.<\/p>\n<p>Chaque fontaine de bambou est fabriqu\u00e9 \u00e0 la main minutieusement selon les traditions anciennes depuis plusieurs g\u00e9n\u00e9rations.<\/p>\n<p>Pompe incluse.<\/p>\n<p><em>Bol vendu s\u00e9par\u00e9ment.<\/em><\/p>\n","protected":false},"featured_media":137325,"template":"","meta":[],"product_cat":[29343],"product_tag":[],"class_list":{"0":"post-108317","1":"product","2":"type-product","3":"status-publish","4":"has-post-thumbnail","6":"product_brand-bamboo-accents","7":"product_cat-fountains-pots-statue-deco-2","8":"pa_format-12po","9":"pa_format-20po","11":"first","12":"instock","13":"taxable","14":"shipping-taxable","15":"purchasable","16":"product-type-simple"},"tiered_pricing_type":"fixed","tiered_pricing_fixed_rules":[],"tiered_pricing_product_settings":{"layout":"default","base_unit_name":{"singular":null,"plural":null},"default_variation":null},"tiered_pricing_minimum_quantity":null,"tiered_pricing_roles_data":[],"tiered_pricing_percentage_rules":[],"_links":{"self":[{"href":"https:\/\/jardinjasmin.com\/en\/wp-json\/wp\/v2\/product\/108317","targetHints":{"allow":["GET"]}}],"collection":[{"href":"https:\/\/jardinjasmin.com\/en\/wp-json\/wp\/v2\/product"}],"about":[{"href":"https:\/\/jardinjasmin.com\/en\/wp-json\/wp\/v2\/types\/product"}],"wp:featuredmedia":[{"embeddable":true,"href":"https:\/\/jardinjasmin.com\/en\/wp-json\/wp\/v2\/media\/137325"}],"wp:attachment":[{"href":"https:\/\/jardinjasmin.com\/en\/wp-json\/wp\/v2\/media?parent=108317"}],"wp:term":[{"taxonomy":"product_cat","embeddable":true,"href":"https:\/\/jardinjasmin.com\/en\/wp-json\/wp\/v2\/product_cat?post=108317"},{"taxonomy":"product_tag","embeddable":true,"href":"https:\/\/jardinjasmin.com\/en\/wp-json\/wp\/v2\/product_tag?post=108317"}],"curies":[{"name":"wp","href":"https:\/\/api.w.org\/{rel}","templated":true}]}}