{"id":110669,"date":"2017-02-08T19:29:14","date_gmt":"2017-02-08T19:29:14","guid":{"rendered":"https:\/\/pepinierejasmin.com\/?post_type=product&#038;p=110669"},"modified":"2024-02-29T11:21:14","modified_gmt":"2024-02-29T16:21:14","slug":"bol-orinoco","status":"publish","type":"product","link":"https:\/\/jardinjasmin.com\/en\/produit\/bol-orinoco\/","title":{"rendered":"Bol Orinoco"},"content":{"rendered":"<table class=\"table\" style=\"box-sizing: border-box; margin: 0px 0px 20px; padding: 0px; outline: 0px; font-size: 13px; vertical-align: baseline; background: #ffffff; border-collapse: collapse; border-spacing: 0px; width: 1140px; max-width: 100%; color: #777777; font-family: 'Source Sans Pro'; text-align: center; text-transform: uppercase; border: 0px initial initial;\">\n<thead style=\"box-sizing: border-box; margin: 0px; padding: 0px; border: 0px; outline: 0px; vertical-align: baseline; background: transparent;\">\n<tr style=\"box-sizing: border-box; margin: 0px; padding: 0px; border: 1px solid #cbcbcb; outline: 0px; vertical-align: baseline; background: transparent;\">\n<th class=\"reference\" style=\"box-sizing: border-box; margin: 0px; padding: 8px; border-top-style: solid; border-top-color: #dddddd; border-right-style: solid; border-right-color: #cbcbcb; border-bottom: none; border-left: 0px; outline: 0px; vertical-align: middle; background: transparent; text-align: center; line-height: 1.42857;\" colspan=\"2\"><img decoding=\"async\" style=\"box-sizing: border-box; margin: 0px; padding: 0px; border: 0px; outline: 0px; vertical-align: middle; background: transparent; height: auto; max-width: 75%;\" src=\"https:\/\/jardinjasmin.com\/wp-content\/uploads\/2020\/11\/products-orinoco_foto_11.jpg\" \/><\/th>\n<th class=\"dimension-cell\" style=\"box-sizing: border-box; margin: 0px; padding: 8px; border-top-style: solid; border-top-color: #dddddd; border-right-style: solid; border-right-color: #cbcbcb; border-bottom: none; border-left: 0px; outline: 0px; vertical-align: middle; background: #998b7e; text-align: center; line-height: 1.42857;\"><img decoding=\"async\" style=\"box-sizing: border-box; margin: 0px; padding: 0px; border: 0px; outline: 0px; vertical-align: middle; background: transparent; height: auto; max-width: 100%;\" src=\"https:\/\/jardinjasmin.com\/wp-content\/uploads\/2020\/11\/products-orinoco_dimension_1.jpg\" \/><\/th>\n<th class=\"dimension-cell\" style=\"box-sizing: border-box; margin: 0px; padding: 8px; border-top-style: solid; border-top-color: #dddddd; border-right-style: solid; border-right-color: #cbcbcb; border-bottom: none; border-left: 0px; outline: 0px; vertical-align: middle; background: #998b7e; text-align: center; line-height: 1.42857;\"><img decoding=\"async\" style=\"box-sizing: border-box; margin: 0px; padding: 0px; border: 0px; outline: 0px; vertical-align: middle; background: transparent; height: auto; max-width: 100%;\" src=\"https:\/\/jardinjasmin.com\/wp-content\/uploads\/2020\/11\/products-orinoco_dimension_2.jpg\" \/><\/th>\n<th class=\"dimension-cell\" style=\"box-sizing: border-box; margin: 0px; padding: 8px; border-top-style: solid; border-top-color: #dddddd; border-right-style: solid; border-right-color: #cbcbcb; border-bottom: none; border-left: 0px; outline: 0px; vertical-align: middle; background: #998b7e; text-align: center; line-height: 1.42857;\"><img decoding=\"async\" style=\"box-sizing: border-box; margin: 0px; padding: 0px; border: 0px; outline: 0px; vertical-align: middle; background: transparent; height: auto; max-width: 100%;\" src=\"https:\/\/jardinjasmin.com\/wp-content\/uploads\/2020\/11\/products-orinoco_dimension_3.jpg\" \/><\/th>\n<th class=\"dimension-cell\" style=\"box-sizing: border-box; margin: 0px; padding: 8px; border-top-style: solid; border-top-color: #dddddd; border-right-style: solid; border-right-color: #cbcbcb; border-bottom: none; border-left: 0px; outline: 0px; vertical-align: middle; background: #998b7e; text-align: center; line-height: 1.42857;\"><img decoding=\"async\" style=\"box-sizing: border-box; margin: 0px; padding: 0px; border: 0px; outline: 0px; vertical-align: middle; background: transparent; height: auto; max-width: 100%;\" src=\"https:\/\/jardinjasmin.com\/wp-content\/uploads\/2020\/11\/products-orinoco_dimension_4.jpg\" \/><\/th>\n<th class=\"volume-cell\" style=\"box-sizing: border-box; margin: 0px; padding: 8px; border-top-style: solid; border-top-color: #dddddd; border-right-style: solid; border-right-color: #cbcbcb; border-bottom: none; border-left: 0px; outline: 0px; vertical-align: middle; background: #998b7e; text-align: center; line-height: 1.42857;\"><img decoding=\"async\" style=\"box-sizing: border-box; margin: 0px; padding: 0px; border: 0px; outline: 0px; vertical-align: middle; background: transparent; height: auto; max-width: 100%;\" src=\"https:\/\/jardinjasmin.com\/wp-content\/uploads\/2020\/11\/products-orinoco_volume_gals.jpg\" \/><\/th>\n<th class=\"planter-cell\" style=\"box-sizing: border-box; margin: 0px; padding: 8px; border-top-style: solid; border-top-color: #dddddd; border-right-style: solid; border-right-color: #cbcbcb; border-bottom: none; border-left: 0px; outline: 0px; vertical-align: middle; background: #998b7e; text-align: center; line-height: 1.42857;\"><img decoding=\"async\" style=\"box-sizing: border-box; margin: 0px; padding: 0px; border: 0px; outline: 0px; vertical-align: middle; background: transparent; height: auto; max-width: 100%;\" src=\"https:\/\/jardinjasmin.com\/wp-content\/uploads\/2020\/11\/products-orinoco_planter_ref.jpg\" \/><\/th>\n<th class=\"saucer-cell\" style=\"box-sizing: border-box; margin: 0px; padding: 8px; border-top-style: solid; border-top-color: #dddddd; border-right-style: solid; border-right-color: #cbcbcb; border-bottom: none; border-left: 0px; outline: 0px; vertical-align: middle; background: #998b7e; text-align: center; line-height: 1.42857;\"><img decoding=\"async\" style=\"box-sizing: border-box; margin: 0px; padding: 0px; border: 0px; outline: 0px; vertical-align: middle; background: transparent; height: auto; max-width: 100%;\" src=\"https:\/\/jardinjasmin.com\/wp-content\/uploads\/2020\/11\/products-orinoco_saucer_ref.jpg\" \/><\/th>\n<\/tr>\n<\/thead>\n<tbody style=\"box-sizing: border-box; margin: 0px; padding: 0px; border: 0px; outline: 0px; vertical-align: baseline; background: transparent;\">\n<tr style=\"box-sizing: border-box; margin: 0px; padding: 0px; border: 1px solid #cbcbcb; outline: 0px; vertical-align: baseline; background: transparent;\">\n<td class=\"letter\" style=\"box-sizing: border-box; margin: 0px; padding: 8px; border-bottom: 0px; border-left: 0px; border-top-style: solid; border-right-style: solid; border-top-color: #dddddd; border-right-color: #cbcbcb; outline: 0px; font-size: 18px; vertical-align: top; background: #f4f4f4; line-height: 1.5;\">A<\/td>\n<td class=\"ref\" style=\"box-sizing: border-box; margin: 0px; padding: 8px; border-bottom: 0px; border-left: 0px; border-top-style: solid; border-right-style: solid; border-top-color: #dddddd; border-right-color: #cbcbcb; outline: 0px; vertical-align: top; background: transparent; line-height: 1.3; font-weight: 600; color: #000000;\">ORINOCO 22&#8243; BOWL<\/td>\n<td class=\"upper\" style=\"box-sizing: border-box; margin: 0px; padding: 8px; border-bottom: 0px; border-left: 0px; border-top-style: solid; border-right-style: solid; border-top-color: #dddddd; border-right-color: #cbcbcb; outline: 0px; vertical-align: top; background: transparent; line-height: 1.42857;\">21.50&#8243;<\/td>\n<td class=\"lower\" style=\"box-sizing: border-box; margin: 0px; padding: 8px; border-bottom: 0px; border-left: 0px; border-top-style: solid; border-right-style: solid; border-top-color: #dddddd; border-right-color: #cbcbcb; outline: 0px; vertical-align: top; background: transparent; line-height: 1.42857;\">8.25&#8243;<\/td>\n<td class=\"internal\" style=\"box-sizing: border-box; margin: 0px; padding: 8px; border-bottom: 0px; border-left: 0px; border-top-style: solid; border-right-style: solid; border-top-color: #dddddd; border-right-color: #cbcbcb; outline: 0px; vertical-align: top; background: transparent; line-height: 1.42857;\">19.75&#8243; \/ 5.71&#8243;<\/td>\n<td class=\"height\" style=\"box-sizing: border-box; margin: 0px; padding: 8px; border-bottom: 0px; border-left: 0px; border-top-style: solid; border-right-style: solid; border-top-color: #dddddd; border-right-color: #cbcbcb; outline: 0px; vertical-align: top; background: transparent; line-height: 1.42857;\">8.25&#8243;<\/td>\n<td class=\"volume\" style=\"box-sizing: border-box; margin: 0px; padding: 8px; border-bottom: 0px; border-left: 0px; border-top-style: solid; border-right-style: solid; border-top-color: #dddddd; border-right-color: #cbcbcb; outline: 0px; vertical-align: top; background: transparent; line-height: 1.42857;\">6.25<\/td>\n<td class=\"planter\" style=\"box-sizing: border-box; margin: 0px; padding: 8px; border-bottom: 0px; border-left: 0px; border-top-style: solid; border-right-style: solid; border-top-color: #dddddd; border-right-color: #cbcbcb; outline: 0px; vertical-align: top; background: transparent; line-height: 1.42857;\">A4655XX<\/td>\n<td class=\"saucer\" style=\"box-sizing: border-box; margin: 0px; padding: 8px; border-bottom: 0px; border-left: 0px; border-top-style: solid; border-right-style: solid; border-top-color: #dddddd; border-right-color: #cbcbcb; outline: 0px; vertical-align: top; background: transparent; line-height: 1.42857;\">N\/A<\/td>\n<\/tr>\n<\/tbody>\n<\/table>\n","protected":false},"excerpt":{"rendered":"<p>Pots \u00e0 double parois de grande qualit\u00e9 r\u00e9sistant \u00e0 nos hivers.<\/p>\n<p>Garantie du fabricant de 10 ans.<\/p>\n","protected":false},"featured_media":137983,"template":"","meta":[],"product_cat":[1935],"product_tag":[],"class_list":{"0":"post-110669","1":"product","2":"type-product","3":"status-publish","4":"has-post-thumbnail","6":"product_brand-crescent","7":"product_cat-plastique","9":"first","10":"instock","11":"taxable","12":"shipping-taxable","13":"purchasable","14":"product-type-simple"},"tiered_pricing_type":"fixed","tiered_pricing_fixed_rules":[],"tiered_pricing_product_settings":{"layout":"default","base_unit_name":{"singular":null,"plural":null},"default_variation":null},"tiered_pricing_minimum_quantity":null,"tiered_pricing_roles_data":[],"tiered_pricing_percentage_rules":[],"_links":{"self":[{"href":"https:\/\/jardinjasmin.com\/en\/wp-json\/wp\/v2\/product\/110669","targetHints":{"allow":["GET"]}}],"collection":[{"href":"https:\/\/jardinjasmin.com\/en\/wp-json\/wp\/v2\/product"}],"about":[{"href":"https:\/\/jardinjasmin.com\/en\/wp-json\/wp\/v2\/types\/product"}],"wp:featuredmedia":[{"embeddable":true,"href":"https:\/\/jardinjasmin.com\/en\/wp-json\/wp\/v2\/media\/137983"}],"wp:attachment":[{"href":"https:\/\/jardinjasmin.com\/en\/wp-json\/wp\/v2\/media?parent=110669"}],"wp:term":[{"taxonomy":"product_cat","embeddable":true,"href":"https:\/\/jardinjasmin.com\/en\/wp-json\/wp\/v2\/product_cat?post=110669"},{"taxonomy":"product_tag","embeddable":true,"href":"https:\/\/jardinjasmin.com\/en\/wp-json\/wp\/v2\/product_tag?post=110669"}],"curies":[{"name":"wp","href":"https:\/\/api.w.org\/{rel}","templated":true}]}}