{"id":110798,"date":"2017-02-10T19:07:29","date_gmt":"2017-02-10T19:07:29","guid":{"rendered":"https:\/\/pepinierejasmin.com\/?post_type=product&#038;p=110798"},"modified":"2022-03-11T08:02:36","modified_gmt":"2022-03-11T13:02:36","slug":"bonsai-wire","status":"publish","type":"product","link":"https:\/\/jardinjasmin.com\/en\/produit\/bonsai-wire\/","title":{"rendered":"Bonsa\u00ef wire"},"content":{"rendered":"","protected":false},"excerpt":{"rendered":"<div style=\"text-align: justify;\"><span style=\"background-color: #ffffff; font-size: 16px; font-family: Tahoma, Arial, Helvetica, sans-serif;\">Ce fil peut \u00eatre utilis\u00e9 pour attacher votre bonsa\u00ef \u00e0 son pot au moment du rempotage, fixer les grilles de drainage, haubaner les branches ou les ligaturer.<\/span><\/div>\n<div style=\"text-align: justify;\">\n<p style=\"padding: 0px; margin: 0.2em 0px 0.5em; border: 0px; outline: 0px; font-size: 11px; font-family: Tahoma, Arial, Helvetica, sans-serif; vertical-align: baseline; color: #334433;\"><span style=\"font-size: 16px;\"><span style=\"color: #000000;\"><strong style=\"padding: 0px; margin: 0px; border: 0px; outline: 0px; font-style: inherit; font-family: inherit; vertical-align: baseline;\"><span style=\"background-color: #ffffff;\">Choisissez le bon diam\u00e8tre:<\/span><\/strong><span style=\"background-color: #ffffff;\">\u00a0pour ligaturer du bois jeune et flexible, utilisez un fil de diam\u00e8tre \u00e9gal au tiers de celui de la branche.<\/span><\/span><\/span><\/p>\n<p style=\"padding: 0px; margin: 0.2em 0px 0.5em; border: 0px; outline: 0px; font-size: 11px; font-family: Tahoma, Arial, Helvetica, sans-serif; vertical-align: baseline; color: #334433;\"><span style=\"font-size: 16px;\"><span style=\"color: #000000;\"><span style=\"background-color: #ffffff;\">Si le bois est vieux et rigide, enrobez\u2013le de raphia et prenez un fil plus \u00e9pais ou doublez la ligature.<\/span><\/span><\/span><\/p>\n<p style=\"padding: 0px; margin: 0.2em 0px 0.5em; border: 0px; outline: 0px; font-size: 11px; font-family: Tahoma, Arial, Helvetica, sans-serif; vertical-align: baseline; color: #334433;\">\n<\/div>\n<p>1mm, 1.5mm, 2mm, 2.5mm, 3mm, 3.5mm, 4mm, 4.5mm et 5mm<\/p>\n<p>Vendu au m\u00e8tre.<\/p>\n","protected":false},"featured_media":145093,"template":"","meta":[],"product_cat":[2112],"product_tag":[],"class_list":{"0":"post-110798","1":"product","2":"type-product","3":"status-publish","4":"has-post-thumbnail","6":"product_cat-bonsai-tools-and-products","8":"first","9":"outofstock","10":"taxable","11":"shipping-taxable","12":"product-type-variable"},"tiered_pricing_type":"fixed","tiered_pricing_fixed_rules":[],"tiered_pricing_product_settings":{"layout":"default","base_unit_name":{"singular":null,"plural":null},"default_variation":null},"tiered_pricing_minimum_quantity":null,"tiered_pricing_roles_data":[],"tiered_pricing_percentage_rules":[],"_links":{"self":[{"href":"https:\/\/jardinjasmin.com\/en\/wp-json\/wp\/v2\/product\/110798","targetHints":{"allow":["GET"]}}],"collection":[{"href":"https:\/\/jardinjasmin.com\/en\/wp-json\/wp\/v2\/product"}],"about":[{"href":"https:\/\/jardinjasmin.com\/en\/wp-json\/wp\/v2\/types\/product"}],"wp:featuredmedia":[{"embeddable":true,"href":"https:\/\/jardinjasmin.com\/en\/wp-json\/wp\/v2\/media\/145093"}],"wp:attachment":[{"href":"https:\/\/jardinjasmin.com\/en\/wp-json\/wp\/v2\/media?parent=110798"}],"wp:term":[{"taxonomy":"product_cat","embeddable":true,"href":"https:\/\/jardinjasmin.com\/en\/wp-json\/wp\/v2\/product_cat?post=110798"},{"taxonomy":"product_tag","embeddable":true,"href":"https:\/\/jardinjasmin.com\/en\/wp-json\/wp\/v2\/product_tag?post=110798"}],"curies":[{"name":"wp","href":"https:\/\/api.w.org\/{rel}","templated":true}]}}