{"id":112426,"date":"2017-12-22T14:35:26","date_gmt":"2017-12-22T14:35:26","guid":{"rendered":"https:\/\/pepinierejasmin.com\/?post_type=product&#038;p=112426"},"modified":"2025-12-27T11:06:18","modified_gmt":"2025-12-27T16:06:18","slug":"pot-japi-carre-haut-21-3-30","status":"publish","type":"product","link":"https:\/\/jardinjasmin.com\/en\/produit\/pot-japi-carre-haut-21-3-30\/","title":{"rendered":"Pot Japi carr\u00e9 haut 21.3&#8243; &#038; 30&#8243;"},"content":{"rendered":"<p>Dimensions et couleurs:<\/p>\n<p>JVIM36<\/p>\n<p>14.6&#8243; x 21.3&#8243;<\/p>\n<p>noir\u00a0 &#8211;\u00a0 700194<span style=\"font-family: verdana, geneva, sans-serif;\"><strong> \u00e9puis\u00e9<\/strong><\/span><\/p>\n<p>charcoal &#8211; 717874<span style=\"font-family: verdana, geneva, sans-serif;\"><strong> \u00e9puis\u00e9<\/strong><\/span><\/p>\n<p>stone &#8211; 717876<span style=\"font-family: verdana, geneva, sans-serif;\"><strong> \u00e9puis\u00e9<\/strong><\/span><\/p>\n<p>&nbsp;<\/p>\n<p>&nbsp;<\/p>\n<p>JVIM48\u00a0<span style=\"color: #ff0000;\"><strong> 20% de rabais sur produits en inventaire<\/strong><\/span><\/p>\n<p>18.5&#8243; x\u00a0 30&#8243;<\/p>\n<p>noir\u00a0 &#8211;\u00a0 700195<span style=\"font-family: verdana, geneva, sans-serif;\"><strong> \u00e9puis\u00e9<\/strong><\/span><\/p>\n<p>charcoal &#8211; 717875<\/p>\n<p>stone &#8211; 717877<span style=\"font-family: verdana, geneva, sans-serif;\"><strong> \u00e9puis\u00e9<\/strong><\/span><\/p>\n","protected":false},"excerpt":{"rendered":"<p>Dimensions et couleurs: JVIM36 14.6&#8243; x 21.3&#8243; noir\u00a0 &#8211;\u00a0 700194 \u00e9puis\u00e9 charcoal &#8211; 717874 \u00e9puis\u00e9 stone &#8211; 717876 \u00e9puis\u00e9 &nbsp; &nbsp; JVIM48\u00a0 20% de rabais sur produits en inventaire 18.5&#8243; x\u00a0 30&#8243; noir\u00a0 &#8211;\u00a0 700195 \u00e9puis\u00e9 charcoal &#8211; 717875 stone &#8211; 717877 \u00e9puis\u00e9<\/p>\n","protected":false},"featured_media":143028,"template":"","meta":[],"product_cat":[1935],"product_tag":[],"class_list":{"0":"post-112426","1":"product","2":"type-product","3":"status-publish","4":"has-post-thumbnail","6":"product_brand-vaserie-plp-canada-ltee","7":"product_cat-plastique","8":"pa_format-21-25po","9":"pa_format-30po","11":"first","12":"instock","13":"taxable","14":"shipping-taxable","15":"purchasable","16":"product-type-variable"},"tiered_pricing_type":"fixed","tiered_pricing_fixed_rules":[],"tiered_pricing_product_settings":{"layout":"default","base_unit_name":{"singular":null,"plural":null},"default_variation":null},"tiered_pricing_minimum_quantity":null,"tiered_pricing_roles_data":[],"tiered_pricing_percentage_rules":[],"_links":{"self":[{"href":"https:\/\/jardinjasmin.com\/en\/wp-json\/wp\/v2\/product\/112426","targetHints":{"allow":["GET"]}}],"collection":[{"href":"https:\/\/jardinjasmin.com\/en\/wp-json\/wp\/v2\/product"}],"about":[{"href":"https:\/\/jardinjasmin.com\/en\/wp-json\/wp\/v2\/types\/product"}],"wp:featuredmedia":[{"embeddable":true,"href":"https:\/\/jardinjasmin.com\/en\/wp-json\/wp\/v2\/media\/143028"}],"wp:attachment":[{"href":"https:\/\/jardinjasmin.com\/en\/wp-json\/wp\/v2\/media?parent=112426"}],"wp:term":[{"taxonomy":"product_cat","embeddable":true,"href":"https:\/\/jardinjasmin.com\/en\/wp-json\/wp\/v2\/product_cat?post=112426"},{"taxonomy":"product_tag","embeddable":true,"href":"https:\/\/jardinjasmin.com\/en\/wp-json\/wp\/v2\/product_tag?post=112426"}],"curies":[{"name":"wp","href":"https:\/\/api.w.org\/{rel}","templated":true}]}}