{"id":119949,"date":"2019-03-19T14:20:51","date_gmt":"2019-03-19T14:20:51","guid":{"rendered":"https:\/\/pepinierejasmin.com\/?post_type=product&#038;p=119949"},"modified":"2023-03-06T07:52:12","modified_gmt":"2023-03-06T12:52:12","slug":"dianthus-caryophyllus-odessa-yellow-bling-bling-2","status":"publish","type":"product","link":"https:\/\/jardinjasmin.com\/en\/produit\/dianthus-caryophyllus-odessa-yellow-bling-bling-2\/","title":{"rendered":"Dianthus caryophyllus Odessa"},"content":{"rendered":"<p>USES: edge, rock garden, border, low wall.<br \/>\n<a href=\"http:\/\/www.planthardiness.gc.ca\/index.pl?m=1&amp;&amp;lang=en\" target=\"_blank\" rel=\"noopener\"><img decoding=\"async\" style=\"border: 0px solid currentColor; width: 131px; height: 109px;\" src=\"https:\/\/jardinjasmin.com\/wp-content\/uploads\/2011\/07\/products-zoneEN-847.jpg\" border=\"0\" \/><\/a> <a href=\"http:\/\/jardinjasmin.com\/commun\/zone_en.html\"> <img decoding=\"async\" style=\"border: 0px solid currentColor; width: 158px; height: 109px;\" src=\"https:\/\/jardinjasmin.com\/wp-content\/uploads\/2011\/07\/products-informationEN-843.jpg\" \/><\/a> <a href=\"http:\/\/jardinjasmin.com\/commun\/legende_en.html\"> <img decoding=\"async\" style=\"border: 0px solid currentColor; width: 132px; height: 45px;\" src=\"https:\/\/jardinjasmin.com\/wp-content\/uploads\/2011\/07\/products-format_en-890.jpg\" \/><\/a><\/p>\n","protected":false},"excerpt":{"rendered":"<p>Ce plant pr\u00e9sente de belles fleurs jaunes doubles frang\u00e9es et parfum\u00e9es. Son feuillage gris-vert forme un joli monticule. Se cultive dans un sol ordinaire bien drain\u00e9.<\/p>\n","protected":false},"featured_media":155185,"template":"","meta":[],"product_cat":[29328],"product_tag":[],"class_list":{"0":"post-119949","1":"product","2":"type-product","3":"status-publish","4":"has-post-thumbnail","6":"product_cat-perennials-en","7":"pa_exposition-sun","8":"pa_hauteur-plante-30cm","9":"pa_largeur-plante-35cm-en","10":"pa_periode-de-floraison-june-august","11":"pa_zone-4-5","13":"first","14":"outofstock","15":"purchasable","16":"product-type-variable"},"tiered_pricing_type":"fixed","tiered_pricing_fixed_rules":[],"tiered_pricing_product_settings":{"layout":"default","base_unit_name":{"singular":null,"plural":null},"default_variation":null},"tiered_pricing_minimum_quantity":null,"tiered_pricing_roles_data":[],"tiered_pricing_percentage_rules":[],"_links":{"self":[{"href":"https:\/\/jardinjasmin.com\/en\/wp-json\/wp\/v2\/product\/119949","targetHints":{"allow":["GET"]}}],"collection":[{"href":"https:\/\/jardinjasmin.com\/en\/wp-json\/wp\/v2\/product"}],"about":[{"href":"https:\/\/jardinjasmin.com\/en\/wp-json\/wp\/v2\/types\/product"}],"wp:featuredmedia":[{"embeddable":true,"href":"https:\/\/jardinjasmin.com\/en\/wp-json\/wp\/v2\/media\/155185"}],"wp:attachment":[{"href":"https:\/\/jardinjasmin.com\/en\/wp-json\/wp\/v2\/media?parent=119949"}],"wp:term":[{"taxonomy":"product_cat","embeddable":true,"href":"https:\/\/jardinjasmin.com\/en\/wp-json\/wp\/v2\/product_cat?post=119949"},{"taxonomy":"product_tag","embeddable":true,"href":"https:\/\/jardinjasmin.com\/en\/wp-json\/wp\/v2\/product_tag?post=119949"}],"curies":[{"name":"wp","href":"https:\/\/api.w.org\/{rel}","templated":true}]}}