{"id":120000,"date":"2019-03-19T15:17:59","date_gmt":"2019-03-19T15:17:59","guid":{"rendered":"https:\/\/pepinierejasmin.com\/?post_type=product&#038;p=120000"},"modified":"2023-02-15T08:58:32","modified_gmt":"2023-02-15T13:58:32","slug":"echinacea-kismet-red-2","status":"publish","type":"product","link":"https:\/\/jardinjasmin.com\/en\/produit\/echinacea-kismet-red-2\/","title":{"rendered":"Echinacea &#8216;Kismet Red&#8217;"},"content":{"rendered":"<div>\n<div>USES: mass planting, flower bed, cut flower.<\/div>\n<\/div>\n<div><\/div>\n<div><\/div>\n<div><a href=\"http:\/\/www.planthardiness.gc.ca\/index.pl?m=1&amp;&amp;lang=en\" target=\"_blank\" rel=\"noopener\"><img decoding=\"async\" style=\"width: 131px; height: 109px;\" src=\"https:\/\/jardinjasmin.com\/wp-content\/uploads\/2011\/07\/products-zoneEN-847.jpg\" border=\"0\" \/><\/a> <a href=\"http:\/\/jardinjasmin.com\/commun\/zone_en.html\"><img decoding=\"async\" style=\"width: 158px; height: 109px;\" src=\"https:\/\/jardinjasmin.com\/wp-content\/uploads\/2011\/07\/products-informationEN-843.jpg\" border=\"0\" \/><\/a> <a href=\"http:\/\/jardinjasmin.com\/commun\/legende_en.html\"><img decoding=\"async\" style=\"width: 132px; height: 45px;\" src=\"https:\/\/jardinjasmin.com\/wp-content\/uploads\/2011\/07\/products-format_en-890.jpg\" border=\"0\" \/><\/a> <a href=\"page.php?PageID=12\"><img decoding=\"async\" style=\"width: 220px; height: 60px;\" src=\"https:\/\/jardinjasmin.com\/wp-content\/uploads\/2011\/07\/products-mikebten-334.jpg\" border=\"0\" \/><\/a><\/div>\n","protected":false},"excerpt":{"rendered":"<p>Kismet Red est une vari\u00e9t\u00e9 compacte et florif\u00e8re qui produit une abondance de larges fleurs rouges avec un c\u00f4ne orange-rouge. Fleurit d\u00e8s le d\u00e9but de la saison jusqu&#8217;au gel. S&#8217;adapte \u00e0 tous les sols bien drain\u00e9s.<\/p>\n","protected":false},"featured_media":153777,"template":"","meta":[],"product_cat":[29328,30893],"product_tag":[],"class_list":{"0":"post-120000","1":"product","2":"type-product","3":"status-publish","4":"has-post-thumbnail","6":"product_cat-perennials-en","7":"product_cat-echinacea","8":"pa_exposition-sun","9":"pa_hauteur-plante-40cm","10":"pa_largeur-plante-60cm","11":"pa_periode-de-floraison-june-september","12":"pa_type-de-sol-all-types-well-drained","13":"pa_zone-4-5","15":"first","16":"outofstock","17":"purchasable","18":"product-type-variable"},"tiered_pricing_type":"fixed","tiered_pricing_fixed_rules":[],"tiered_pricing_product_settings":{"layout":"default","base_unit_name":{"singular":null,"plural":null},"default_variation":null},"tiered_pricing_minimum_quantity":null,"tiered_pricing_roles_data":[],"tiered_pricing_percentage_rules":[],"_links":{"self":[{"href":"https:\/\/jardinjasmin.com\/en\/wp-json\/wp\/v2\/product\/120000","targetHints":{"allow":["GET"]}}],"collection":[{"href":"https:\/\/jardinjasmin.com\/en\/wp-json\/wp\/v2\/product"}],"about":[{"href":"https:\/\/jardinjasmin.com\/en\/wp-json\/wp\/v2\/types\/product"}],"wp:featuredmedia":[{"embeddable":true,"href":"https:\/\/jardinjasmin.com\/en\/wp-json\/wp\/v2\/media\/153777"}],"wp:attachment":[{"href":"https:\/\/jardinjasmin.com\/en\/wp-json\/wp\/v2\/media?parent=120000"}],"wp:term":[{"taxonomy":"product_cat","embeddable":true,"href":"https:\/\/jardinjasmin.com\/en\/wp-json\/wp\/v2\/product_cat?post=120000"},{"taxonomy":"product_tag","embeddable":true,"href":"https:\/\/jardinjasmin.com\/en\/wp-json\/wp\/v2\/product_tag?post=120000"}],"curies":[{"name":"wp","href":"https:\/\/api.w.org\/{rel}","templated":true}]}}