{"id":123037,"date":"2020-03-03T14:40:33","date_gmt":"2020-03-03T14:40:33","guid":{"rendered":"https:\/\/pepinierejasmin.com\/?post_type=product&#038;p=123037"},"modified":"2022-01-25T11:53:26","modified_gmt":"2022-01-25T16:53:26","slug":"30-10-10-fertilizer","status":"publish","type":"product","link":"https:\/\/jardinjasmin.com\/en\/produit\/30-10-10-fertilizer\/","title":{"rendered":"30-10-10 fertilizer"},"content":{"rendered":"<table class=\"shop_attributes\" style=\"margin: 0px 0px 1.618em; padding: 0px; border-right: 0px #e6e6e6; border-bottom: 0px #e6e6e6; border-left: 0px #e6e6e6; outline: 0px; font-size: 13px; vertical-align: baseline; background: #ffffff; border-collapse: collapse; border-spacing: 0px; width: 420px; border-top-color: #e6e6e6; color: #666666; font-family: 'Open Sans';\">\n<tbody style=\"margin: 0px; padding: 0px; border-width: 0px; border-style: solid; outline: 0px; vertical-align: baseline; background: transparent;\">\n<tr style=\"margin: 0px; padding: 0px; border-width: 0px; border-style: solid; outline: 0px; vertical-align: baseline; background: transparent;\">\n<th style=\"margin: 0px; padding: 8px; border-top: 0px #e6e6e6; border-right: 0px solid #e6e6e6; border-left: 0px solid #e6e6e6; outline: 0px; vertical-align: top; background: transparent; width: 150px; text-align: left; line-height: 1.5; border-bottom-color: #e6e6e6;\">Utilisation avec arrosoir<\/th>\n<td style=\"margin: 0px; padding: 0px; border-top: 0px #e6e6e6; border-right: 0px solid #e6e6e6; border-left: 0px solid #e6e6e6; outline: 0px; vertical-align: top; background: transparent; line-height: 1.5; border-bottom-color: #e6e6e6; font-style: italic;\">\n<p style=\"margin: 0px; padding: 8px 0px; outline: 0px; vertical-align: baseline; background: transparent; border: 0px solid #e6e6e6;\">Dissoudre 10g (2 c. \u00e0 th\u00e9) dans 2L (\u00bd gal.) d\u2019eau. Verser \u00e0 la base du plant \u00e0 toutes les 2 ou 3 semaines pendant la saison de croissance. Alimente 2 plants.<\/p>\n<\/td>\n<\/tr>\n<tr class=\"alt\" style=\"margin: 0px; padding: 0px; border-width: 0px; border-style: solid; outline: 0px; vertical-align: baseline; background: transparent;\">\n<th style=\"margin: 0px; padding: 8px; border-top: 0px #e6e6e6; border-right: 0px solid #e6e6e6; border-left: 0px solid #e6e6e6; outline: 0px; vertical-align: top; background: rgba(0, 0, 0, 0.024); width: 150px; text-align: left; line-height: 1.5; border-bottom-color: #e6e6e6;\">Utilisation avec appareil \u00e0 jet<\/th>\n<td style=\"margin: 0px; padding: 0px; border-top: 0px #e6e6e6; border-right: 0px solid #e6e6e6; border-left: 0px solid #e6e6e6; outline: 0px; vertical-align: top; background: rgba(0, 0, 0, 0.024); line-height: 1.5; border-bottom-color: #e6e6e6; font-style: italic;\">\n<p style=\"margin: 0px; padding: 8px 0px; outline: 0px; vertical-align: baseline; background: transparent; border: 0px solid #e6e6e6;\">Faire dissoudre 20g (4 c. \u00e0 th\u00e9) dans 4,5L (1 galon) d\u2019eau. Ajuster le jet de l\u2019appareil selon le mode d\u2019emploi du fabricant. Arroser le feuillage \u00e0 toutes les 2 ou 3 semaines durant la saison de croissance. 4L (1 galon) de solution d\u2019engrais fertilise 2 m\u00e8tres de haies.<\/p>\n<\/td>\n<\/tr>\n<tr style=\"margin: 0px; padding: 0px; border-width: 0px; border-style: solid; outline: 0px; vertical-align: baseline; background: transparent;\">\n<th style=\"margin: 0px; padding: 8px; border-top: 0px #e6e6e6; border-right: 0px solid #e6e6e6; border-left: 0px solid #e6e6e6; outline: 0px; vertical-align: top; background: transparent; width: 150px; text-align: left; line-height: 1.5; border-bottom-color: #e6e6e6;\">Analyse minimale garantie<\/th>\n<td style=\"margin: 0px; padding: 0px; border-top: 0px #e6e6e6; border-right: 0px solid #e6e6e6; border-left: 0px solid #e6e6e6; outline: 0px; vertical-align: top; background: transparent; line-height: 1.5; border-bottom-color: #e6e6e6; font-style: italic;\">\n<p style=\"margin: 0px; padding: 8px 0px; outline: 0px; vertical-align: baseline; background: transparent; border: 0px solid #e6e6e6;\">Azote total (N) 30.0%, Acide Phosphorique assimilable (P2O2) 10.0%, Potasse soluble (k2O) 10.0%, Fer (Fe) (r\u00e9el) (chelat\u00e9) 0.10%, Zinc (Zn) (r\u00e9el) (chelat\u00e9) 0.05%, Mangan\u00e8se (Mn) (r\u00e9el) (chelat\u00e9) 0.05%, Cuivre (Cu) (r\u00e9el) (chelat\u00e9) 0.05%, Bore (B) (r\u00e9el) 0.02%, EDTA Agent chelatant : T\u00e9tra Sodium 1.0%, Molybd\u00e8ne (Mo) (r\u00e9el) 0.0005%, Chlore (maximum) 0.3%<\/p>\n<\/td>\n<\/tr>\n<\/tbody>\n<\/table>\n","protected":false},"excerpt":{"rendered":"<p><span style=\"background-color: #ffffff; color: #666666; font-family: 'Open Sans'; font-size: 22px;\">30-10-10 Nuway fertilizer gives a balance nutrition and a darker shade of green to your evergreens.<\/span><\/p>\n","protected":false},"featured_media":141826,"template":"","meta":[],"product_cat":[1878],"product_tag":[],"class_list":{"0":"post-123037","1":"product","2":"type-product","3":"status-publish","4":"has-post-thumbnail","6":"product_cat-soluble-fertilizer","7":"pa_format-2kg-en","8":"pa_format-500g-en","10":"first","11":"instock","12":"taxable","13":"shipping-taxable","14":"purchasable","15":"product-type-variable","16":"has-default-attributes"},"tiered_pricing_type":"fixed","tiered_pricing_fixed_rules":[],"tiered_pricing_product_settings":{"layout":"default","base_unit_name":{"singular":null,"plural":null},"default_variation":null},"tiered_pricing_minimum_quantity":null,"tiered_pricing_roles_data":[],"tiered_pricing_percentage_rules":[],"_links":{"self":[{"href":"https:\/\/jardinjasmin.com\/en\/wp-json\/wp\/v2\/product\/123037","targetHints":{"allow":["GET"]}}],"collection":[{"href":"https:\/\/jardinjasmin.com\/en\/wp-json\/wp\/v2\/product"}],"about":[{"href":"https:\/\/jardinjasmin.com\/en\/wp-json\/wp\/v2\/types\/product"}],"wp:featuredmedia":[{"embeddable":true,"href":"https:\/\/jardinjasmin.com\/en\/wp-json\/wp\/v2\/media\/141826"}],"wp:attachment":[{"href":"https:\/\/jardinjasmin.com\/en\/wp-json\/wp\/v2\/media?parent=123037"}],"wp:term":[{"taxonomy":"product_cat","embeddable":true,"href":"https:\/\/jardinjasmin.com\/en\/wp-json\/wp\/v2\/product_cat?post=123037"},{"taxonomy":"product_tag","embeddable":true,"href":"https:\/\/jardinjasmin.com\/en\/wp-json\/wp\/v2\/product_tag?post=123037"}],"curies":[{"name":"wp","href":"https:\/\/api.w.org\/{rel}","templated":true}]}}