{"id":127849,"date":"2021-03-15T14:17:31","date_gmt":"2021-03-15T14:17:31","guid":{"rendered":"https:\/\/pepinierejasmin.com\/?post_type=product&#038;p=127849"},"modified":"2025-04-07T17:00:14","modified_gmt":"2025-04-07T21:00:14","slug":"camerisier-edulis-3-1-2","status":"publish","type":"product","link":"https:\/\/jardinjasmin.com\/en\/produit\/camerisier-edulis-3-1-2\/","title":{"rendered":"Lonicera caerulea (edulis)"},"content":{"rendered":"<p><a href=\"http:\/\/www.planthardiness.gc.ca\/index.pl?m=1&amp;&amp;lang=en\" target=\"_blank\" rel=\"noopener\"><img decoding=\"async\" style=\"width: 131px; height: 109px;\" src=\"https:\/\/jardinjasmin.com\/wp-content\/uploads\/2011\/07\/products-zoneEN-880.jpg\" border=\"0\" \/><\/a> <a href=\"http:\/\/jardinjasmin.com\/commun\/zone_en.html\"><img decoding=\"async\" style=\"width: 158px; height: 109px;\" src=\"https:\/\/jardinjasmin.com\/wp-content\/uploads\/2011\/07\/products-informationEN-875.jpg\" border=\"0\" \/><\/a> <a href=\"http:\/\/jardinjasmin.com\/commun\/legende_en.html\"><img decoding=\"async\" style=\"width: 132px; height: 45px;\" src=\"https:\/\/jardinjasmin.com\/wp-content\/uploads\/2011\/07\/products-format_en-929.jpg\" border=\"0\" \/><\/a> <a href=\"page.php?PageID=12\"><img decoding=\"async\" style=\"width: 220px; height: 60px;\" src=\"https:\/\/jardinjasmin.com\/wp-content\/uploads\/2011\/07\/products-mikebten-361.jpg\" border=\"0\" \/><\/a><\/p>\n","protected":false},"excerpt":{"rendered":"<p>Combo 3 vari\u00e9t\u00e9s dans le m\u00eame pot. Floraison tr\u00e8s t\u00f4t au printemps suivie de fruits allong\u00e9s bleu-pourpre \u00e0 saveur mi-sucr\u00e9e, mi-sure. Id\u00e9al pour la confection de confitures, gel\u00e9es, jus&#8230; Un paillis d&#8217;\u00e9corce ou un compost lui est profitable.<\/p>\n","protected":false},"featured_media":152288,"template":"","meta":[],"product_cat":[1840],"product_tag":[],"class_list":{"0":"post-127849","1":"product","2":"type-product","3":"status-publish","4":"has-post-thumbnail","6":"product_cat-fruit-trees","7":"pa_attire-les-oiseaux-yes-10","8":"pa_exposition-sun-part-shade","9":"pa_feuillage-d-automne-maroon","10":"pa_hauteur-plante-1-5m","11":"pa_largeur-plante-1-5m","12":"pa_parfum-fragrant","13":"pa_periode-de-floraison-may","14":"pa_periode-fructification-july-august","15":"pa_protection-no-protection","16":"pa_type-de-sol-rich-moist-well-drained","17":"pa_vitesse-de-croissance-fast","18":"pa_zone-3-6","20":"first","21":"outofstock","22":"purchasable","23":"product-type-variable"},"tiered_pricing_type":"fixed","tiered_pricing_fixed_rules":[],"tiered_pricing_product_settings":{"layout":"default","base_unit_name":{"singular":null,"plural":null},"default_variation":null},"tiered_pricing_minimum_quantity":null,"tiered_pricing_roles_data":[],"tiered_pricing_percentage_rules":[],"_links":{"self":[{"href":"https:\/\/jardinjasmin.com\/en\/wp-json\/wp\/v2\/product\/127849","targetHints":{"allow":["GET"]}}],"collection":[{"href":"https:\/\/jardinjasmin.com\/en\/wp-json\/wp\/v2\/product"}],"about":[{"href":"https:\/\/jardinjasmin.com\/en\/wp-json\/wp\/v2\/types\/product"}],"wp:featuredmedia":[{"embeddable":true,"href":"https:\/\/jardinjasmin.com\/en\/wp-json\/wp\/v2\/media\/152288"}],"wp:attachment":[{"href":"https:\/\/jardinjasmin.com\/en\/wp-json\/wp\/v2\/media?parent=127849"}],"wp:term":[{"taxonomy":"product_cat","embeddable":true,"href":"https:\/\/jardinjasmin.com\/en\/wp-json\/wp\/v2\/product_cat?post=127849"},{"taxonomy":"product_tag","embeddable":true,"href":"https:\/\/jardinjasmin.com\/en\/wp-json\/wp\/v2\/product_tag?post=127849"}],"curies":[{"name":"wp","href":"https:\/\/api.w.org\/{rel}","templated":true}]}}