{"id":137260,"date":"2021-11-17T14:15:34","date_gmt":"2021-11-17T19:15:34","guid":{"rendered":"https:\/\/pepinierejasmin.com\/?post_type=product&#038;p=137260"},"modified":"2023-06-09T15:34:03","modified_gmt":"2023-06-09T19:34:03","slug":"pot-covington-evase-2","status":"publish","type":"product","link":"https:\/\/jardinjasmin.com\/en\/produit\/pot-covington-evase-2\/","title":{"rendered":"pot covington \u00e9vas\u00e9"},"content":{"rendered":"<p># produit: 88808<\/p>\n<p>L 14&#8243;\u00a0 x\u00a0 P 14&#8243;\u00a0 x\u00a0 H 27&#8243;<\/p>\n<p>&nbsp;<\/p>\n<p>Couleur gris.<\/p>\n","protected":false},"excerpt":{"rendered":"<p>Cette \u00e9l\u00e9gante jardini\u00e8re \u00e0 arrosage automatique offre un look transitionnel classique \u00e0 votre maison et votre jardin. La jardini\u00e8re \u00e0 arrosage automatique Covington est robuste et durable. Ce pot de fleurs est r\u00e9sistant \u00e0 la fissuration, \u00e0 la d\u00e9coloration et \u00e0 l&#8217;\u00e9caillage, tout en \u00e9tant suffisamment l\u00e9ger pour bouger. \u00c9quip\u00e9 d&#8217;un r\u00e9servoir d&#8217;eau interne, d&#8217;un drain de trop-plein et d&#8217;un bouchon, facilitant l&#8217;arrosage.<\/p>\n<p>La conception architecturale ajoute une touche charmante \u00e0 n&#8217;importe quel patio, porche, entr\u00e9e ou terrasse<br \/>\nConception \u00e0 double paroi construite avec du poly\u00e9thyl\u00e8ne de haute qualit\u00e9<br \/>\nLe r\u00e9servoir d&#8217;auto-arrosage cr\u00e9e un syst\u00e8me d&#8217;eau de sous-irrigation qui alimente lentement le sol et favorise la croissance des racines<br \/>\nRecyclable, sans BPA et sans danger pour les aliments<br \/>\nOrifice de remplissage sup\u00e9rieur pour l&#8217;arrosage avec bouchon amovible<br \/>\nBonde de trop-plein<\/p>\n","protected":false},"featured_media":137262,"template":"","meta":[],"product_cat":[1935],"product_tag":[],"class_list":{"0":"post-137260","1":"product","2":"type-product","3":"status-publish","4":"has-post-thumbnail","6":"product_brand-algreen-products-inc","7":"product_cat-plastique","9":"first","10":"instock","11":"taxable","12":"shipping-taxable","13":"purchasable","14":"product-type-simple"},"tiered_pricing_type":"fixed","tiered_pricing_fixed_rules":[],"tiered_pricing_product_settings":{"layout":"default","base_unit_name":{"singular":null,"plural":null},"default_variation":null},"tiered_pricing_minimum_quantity":null,"tiered_pricing_roles_data":[],"tiered_pricing_percentage_rules":[],"_links":{"self":[{"href":"https:\/\/jardinjasmin.com\/en\/wp-json\/wp\/v2\/product\/137260","targetHints":{"allow":["GET"]}}],"collection":[{"href":"https:\/\/jardinjasmin.com\/en\/wp-json\/wp\/v2\/product"}],"about":[{"href":"https:\/\/jardinjasmin.com\/en\/wp-json\/wp\/v2\/types\/product"}],"wp:featuredmedia":[{"embeddable":true,"href":"https:\/\/jardinjasmin.com\/en\/wp-json\/wp\/v2\/media\/137262"}],"wp:attachment":[{"href":"https:\/\/jardinjasmin.com\/en\/wp-json\/wp\/v2\/media?parent=137260"}],"wp:term":[{"taxonomy":"product_cat","embeddable":true,"href":"https:\/\/jardinjasmin.com\/en\/wp-json\/wp\/v2\/product_cat?post=137260"},{"taxonomy":"product_tag","embeddable":true,"href":"https:\/\/jardinjasmin.com\/en\/wp-json\/wp\/v2\/product_tag?post=137260"}],"curies":[{"name":"wp","href":"https:\/\/api.w.org\/{rel}","templated":true}]}}