{"id":146795,"date":"2022-08-02T10:45:12","date_gmt":"2022-08-02T14:45:12","guid":{"rendered":"https:\/\/jardinjasmin.com\/?post_type=product&#038;p=146795"},"modified":"2025-12-22T10:34:55","modified_gmt":"2025-12-22T15:34:55","slug":"pot-rond-oeuf-noir-30","status":"publish","type":"product","link":"https:\/\/jardinjasmin.com\/en\/produit\/pot-rond-oeuf-noir-30\/","title":{"rendered":"Pot rond oeuf noir\/gris"},"content":{"rendered":"<p># produit:<\/p>\n<p>L681240-50cm\/20&#8243;<\/p>\n","protected":false},"excerpt":{"rendered":"<p>Pot d&#8217;ext\u00e9rieur l\u00e9ger, r\u00e9sistant au gel par trou d&#8217;\u00e9coulement. Utilisez des billes d&#8217;argile qui assurent une meilleur r\u00e9gulation hydraulique dans le pot, ce qui am\u00e9liore le d\u00e9veloppement de votre plante.<\/p>\n<p>Imitation terrazzo.<\/p>\n","protected":false},"featured_media":146801,"template":"","meta":[],"product_cat":[2044],"product_tag":[],"class_list":{"0":"post-146795","1":"product","2":"type-product","3":"status-publish","4":"has-post-thumbnail","6":"product_brand-vaserie-plp-canada-ltee","7":"product_cat-fibre-de-verre-et-fibrociment","9":"first","10":"outofstock","11":"taxable","12":"shipping-taxable","13":"purchasable","14":"product-type-simple"},"tiered_pricing_type":"fixed","tiered_pricing_fixed_rules":[],"tiered_pricing_product_settings":{"layout":"default","base_unit_name":{"singular":null,"plural":null},"default_variation":null},"tiered_pricing_minimum_quantity":null,"tiered_pricing_roles_data":[],"tiered_pricing_percentage_rules":[],"_links":{"self":[{"href":"https:\/\/jardinjasmin.com\/en\/wp-json\/wp\/v2\/product\/146795","targetHints":{"allow":["GET"]}}],"collection":[{"href":"https:\/\/jardinjasmin.com\/en\/wp-json\/wp\/v2\/product"}],"about":[{"href":"https:\/\/jardinjasmin.com\/en\/wp-json\/wp\/v2\/types\/product"}],"wp:featuredmedia":[{"embeddable":true,"href":"https:\/\/jardinjasmin.com\/en\/wp-json\/wp\/v2\/media\/146801"}],"wp:attachment":[{"href":"https:\/\/jardinjasmin.com\/en\/wp-json\/wp\/v2\/media?parent=146795"}],"wp:term":[{"taxonomy":"product_cat","embeddable":true,"href":"https:\/\/jardinjasmin.com\/en\/wp-json\/wp\/v2\/product_cat?post=146795"},{"taxonomy":"product_tag","embeddable":true,"href":"https:\/\/jardinjasmin.com\/en\/wp-json\/wp\/v2\/product_tag?post=146795"}],"curies":[{"name":"wp","href":"https:\/\/api.w.org\/{rel}","templated":true}]}}