{"id":178296,"date":"2026-03-20T00:00:00","date_gmt":"2026-03-20T04:00:00","guid":{"rendered":"https:\/\/jardinjasmin.com\/?post_type=product&#038;p=178296"},"modified":"2026-03-26T15:41:14","modified_gmt":"2026-03-26T19:41:14","slug":"calibrachoa-x-hybrida","status":"publish","type":"product","link":"https:\/\/jardinjasmin.com\/en\/produit\/calibrachoa-x-hybrida\/","title":{"rendered":"Calibrachoa x hybrida"},"content":{"rendered":"","protected":false},"excerpt":{"rendered":"<p>Million Bells or Calibrachoa produces flowers that look like small petunias. These plants are prolific bloomers that produce hundreds of flowers from spring to frost. Flower colors include shades of violet, pink, red, magenta, yellow, bronze and white It is easily grown in moist, organically rich, well-drained soils. Used in hanging baskets, containers or as a small area ground cover. Les Million Bells ou Calibrachoa produisent des fleurs qui ressemblent \u00e0 de petits p\u00e9tunias. Les plants produisent en effet des centaines de fleurs du printemps \u00e0 l&#8217;automne. Celles-ci se d\u00e9clinent dans les teintes de violet, rose, rouge, magenta, jaune, bronze et blanc. On cultive ces plants dans un sol humide, riche et bien drain\u00e9. Utilis\u00e9 en paniers suspendus, contenants ou comme couvre-sol dans un petit espace.<\/p>\n","protected":false},"featured_media":188323,"template":"","meta":[],"product_cat":[33998,28467],"product_tag":[],"class_list":{"0":"post-178296","1":"product","2":"type-product","3":"status-publish","4":"has-post-thumbnail","6":"product_cat-flowers","7":"product_cat-annuals-en","8":"pa_exposition-sun","9":"pa_hauteur-plante-15-30cm","10":"pa_largeur-plante-12-31in","11":"pa_zone-9-en","13":"first","14":"instock","15":"product-type-simple"},"tiered_pricing_type":"fixed","tiered_pricing_fixed_rules":[],"tiered_pricing_product_settings":{"layout":"default","base_unit_name":{"singular":null,"plural":null},"default_variation":null},"tiered_pricing_minimum_quantity":null,"tiered_pricing_roles_data":[],"tiered_pricing_percentage_rules":[],"_links":{"self":[{"href":"https:\/\/jardinjasmin.com\/en\/wp-json\/wp\/v2\/product\/178296","targetHints":{"allow":["GET"]}}],"collection":[{"href":"https:\/\/jardinjasmin.com\/en\/wp-json\/wp\/v2\/product"}],"about":[{"href":"https:\/\/jardinjasmin.com\/en\/wp-json\/wp\/v2\/types\/product"}],"wp:featuredmedia":[{"embeddable":true,"href":"https:\/\/jardinjasmin.com\/en\/wp-json\/wp\/v2\/media\/188323"}],"wp:attachment":[{"href":"https:\/\/jardinjasmin.com\/en\/wp-json\/wp\/v2\/media?parent=178296"}],"wp:term":[{"taxonomy":"product_cat","embeddable":true,"href":"https:\/\/jardinjasmin.com\/en\/wp-json\/wp\/v2\/product_cat?post=178296"},{"taxonomy":"product_tag","embeddable":true,"href":"https:\/\/jardinjasmin.com\/en\/wp-json\/wp\/v2\/product_tag?post=178296"}],"curies":[{"name":"wp","href":"https:\/\/api.w.org\/{rel}","templated":true}]}}