{"id":90083,"date":"2012-03-27T18:47:37","date_gmt":"2012-03-27T18:47:37","guid":{"rendered":"https:\/\/pepinierejasmin.com\/?post_type=product&#038;p=90083"},"modified":"2024-11-23T15:18:13","modified_gmt":"2024-11-23T20:18:13","slug":"lavandula","status":"publish","type":"product","link":"https:\/\/jardinjasmin.com\/en\/produit\/lavandula\/","title":{"rendered":"Lavender \u2018Anouk\u2019"},"content":{"rendered":"","protected":false},"excerpt":{"rendered":"<p>Cette lavande odorante au feuillage aromatique vert gris\u00e2tre poss\u00e8de une fleur vraiment charmante. Cultivez-la en contenants sur la terrasse, en plate-bande ou dans la rocaille en sol sec, tr\u00e8s bien drain\u00e9, calcaire et fertile. elle fera de tr\u00e8s belles fleurs coup\u00e9es encore plus parfum\u00e9es si vous les cueillez le matin . Enlever les fleurs mortes pour une floraison r\u00e9p\u00e9titive.<\/p>\n","protected":false},"featured_media":168631,"template":"","meta":[],"product_cat":[33998,28467],"product_tag":[],"class_list":{"0":"post-90083","1":"product","2":"type-product","3":"status-publish","4":"has-post-thumbnail","6":"product_cat-flowers","7":"product_cat-annuals-en","8":"pa_exposition-sun-part-shade","9":"pa_exposition-sun","10":"pa_feuille-green","11":"pa_hauteur-plante-none","12":"pa_hauteur-plante-30-40cm-en","13":"pa_largeur-plante-n-a","14":"pa_largeur-plante-25-35cm-en","15":"pa_parfum-37614","16":"pa_parfum-fragrant","17":"pa_periode-de-floraison-none","18":"pa_periode-de-floraison-summer","19":"pa_type-de-sol-well-drained","20":"pa_zone-tropical-4","22":"first","23":"outofstock","24":"product-type-simple"},"tiered_pricing_type":"fixed","tiered_pricing_fixed_rules":[],"tiered_pricing_product_settings":{"layout":"default","base_unit_name":{"singular":null,"plural":null},"default_variation":null},"tiered_pricing_minimum_quantity":null,"tiered_pricing_roles_data":[],"tiered_pricing_percentage_rules":[],"_links":{"self":[{"href":"https:\/\/jardinjasmin.com\/en\/wp-json\/wp\/v2\/product\/90083","targetHints":{"allow":["GET"]}}],"collection":[{"href":"https:\/\/jardinjasmin.com\/en\/wp-json\/wp\/v2\/product"}],"about":[{"href":"https:\/\/jardinjasmin.com\/en\/wp-json\/wp\/v2\/types\/product"}],"wp:featuredmedia":[{"embeddable":true,"href":"https:\/\/jardinjasmin.com\/en\/wp-json\/wp\/v2\/media\/168631"}],"wp:attachment":[{"href":"https:\/\/jardinjasmin.com\/en\/wp-json\/wp\/v2\/media?parent=90083"}],"wp:term":[{"taxonomy":"product_cat","embeddable":true,"href":"https:\/\/jardinjasmin.com\/en\/wp-json\/wp\/v2\/product_cat?post=90083"},{"taxonomy":"product_tag","embeddable":true,"href":"https:\/\/jardinjasmin.com\/en\/wp-json\/wp\/v2\/product_tag?post=90083"}],"curies":[{"name":"wp","href":"https:\/\/api.w.org\/{rel}","templated":true}]}}