{"id":91871,"date":"2012-03-27T18:47:37","date_gmt":"2012-03-27T18:47:37","guid":{"rendered":"https:\/\/pepinierejasmin.com\/?post_type=product&#038;p=91871"},"modified":"2026-02-16T18:18:09","modified_gmt":"2026-02-16T23:18:09","slug":"calluna-vulg-silver-knight-2","status":"publish","type":"product","link":"https:\/\/jardinjasmin.com\/en\/produit\/calluna-vulg-silver-knight-2\/","title":{"rendered":"Calluna vulgaris"},"content":{"rendered":"<p>&nbsp;<\/p>\n<p><a href=\"http:\/\/www.planthardiness.gc.ca\/index.pl?m=1&amp;&amp;lang=en\" target=\"_blank\" rel=\"noopener\"><img decoding=\"async\" style=\"border: 0px solid currentColor; width: 131px; height: 109px;\" src=\"https:\/\/jardinjasmin.com\/wp-content\/uploads\/2011\/07\/products-zoneEN-458.jpg\" border=\"0\" \/><\/a> <a href=\"http:\/\/jardinjasmin.com\/commun\/zone_en.html\"><img decoding=\"async\" style=\"border: 0px solid currentColor; width: 158px; height: 109px;\" src=\"https:\/\/jardinjasmin.com\/wp-content\/uploads\/2011\/07\/products-informationEN-458.jpg\" \/><\/a> <a href=\"http:\/\/jardinjasmin.com\/commun\/legende_en.html\"><img decoding=\"async\" style=\"border: 0px solid currentColor; width: 132px; height: 45px;\" src=\"https:\/\/jardinjasmin.com\/wp-content\/uploads\/2011\/07\/products-format_en-507.jpg\" \/><\/a><\/p>\n","protected":false},"excerpt":{"rendered":"<p>Jolie bruy\u00e8re aux feuillage argent\u00e9, produisant de magnifique \u00e9pis de fleurs lavandes.Un ajout de terreau pour plante acidophile est essentiel \u00e0 la plantation. Une application printani\u00e8re D\u2019engrais acidifiant est recommand\u00e9e. Sol humide et bien drain\u00e9. \u00c9viter les arrosages excessifs. Paillis recommand\u00e9. Choisir un endroit o\u00f9 la neige S\u2019accumulent facilement et ne fond pas rapidement.<\/p>\n","protected":false},"featured_media":149871,"template":"","meta":[],"product_cat":[1834],"product_tag":[],"class_list":{"0":"post-91871","1":"product","2":"type-product","3":"status-publish","4":"has-post-thumbnail","6":"product_cat-shrubs","8":"first","9":"outofstock","10":"taxable","11":"shipping-taxable","12":"purchasable","13":"product-type-variable"},"tiered_pricing_type":"fixed","tiered_pricing_fixed_rules":[],"tiered_pricing_product_settings":{"layout":"default","base_unit_name":{"singular":null,"plural":null},"default_variation":null},"tiered_pricing_minimum_quantity":null,"tiered_pricing_roles_data":[],"tiered_pricing_percentage_rules":[],"_links":{"self":[{"href":"https:\/\/jardinjasmin.com\/en\/wp-json\/wp\/v2\/product\/91871","targetHints":{"allow":["GET"]}}],"collection":[{"href":"https:\/\/jardinjasmin.com\/en\/wp-json\/wp\/v2\/product"}],"about":[{"href":"https:\/\/jardinjasmin.com\/en\/wp-json\/wp\/v2\/types\/product"}],"wp:featuredmedia":[{"embeddable":true,"href":"https:\/\/jardinjasmin.com\/en\/wp-json\/wp\/v2\/media\/149871"}],"wp:attachment":[{"href":"https:\/\/jardinjasmin.com\/en\/wp-json\/wp\/v2\/media?parent=91871"}],"wp:term":[{"taxonomy":"product_cat","embeddable":true,"href":"https:\/\/jardinjasmin.com\/en\/wp-json\/wp\/v2\/product_cat?post=91871"},{"taxonomy":"product_tag","embeddable":true,"href":"https:\/\/jardinjasmin.com\/en\/wp-json\/wp\/v2\/product_tag?post=91871"}],"curies":[{"name":"wp","href":"https:\/\/api.w.org\/{rel}","templated":true}]}}