{"id":98400,"date":"2012-03-27T18:47:37","date_gmt":"2012-03-27T22:47:37","guid":{"rendered":"https:\/\/pepinierejasmin.com\/?post_type=product&#038;p=98400"},"modified":"2022-11-03T13:43:49","modified_gmt":"2022-11-03T17:43:49","slug":"male-golfer-statue","status":"publish","type":"product","link":"https:\/\/jardinjasmin.com\/en\/produit\/male-golfer-statue\/","title":{"rendered":"Male golfer statue"},"content":{"rendered":"<p>Stock #: S-223<\/p>\n<p>L 10&#8243;\u00a0 x\u00a0 P 9&#8243;\u00a0 x\u00a0 H 27&#8243;<\/p>\n","protected":false},"excerpt":{"rendered":"<p>Produit en b\u00e9ton de premi\u00e8re qualit\u00e9. Fabriqu\u00e9 aux \u00c9tats-Unis.<\/p>\n<p>Shown in Alpine Stone<\/p>\n<p>Finishes: <span style=\"color: #0000ff;\"><a style=\"color: #0000ff;\" href=\"http:\/\/www.campaniainternational.com\/finishes\">http:\/\/www.campaniainternational.com\/finishes<\/a><\/span><\/p>\n","protected":false},"featured_media":98401,"template":"","meta":[],"product_cat":[2017],"product_tag":[],"class_list":{"0":"post-98400","1":"product","2":"type-product","3":"status-publish","4":"has-post-thumbnail","6":"product_brand-campania-international-inc","7":"product_cat-statues-2","9":"first","10":"instock","11":"sale","12":"taxable","13":"shipping-taxable","14":"purchasable","15":"product-type-simple"},"tiered_pricing_type":"fixed","tiered_pricing_fixed_rules":[],"tiered_pricing_product_settings":{"layout":"default","base_unit_name":{"singular":null,"plural":null},"default_variation":null},"tiered_pricing_minimum_quantity":null,"tiered_pricing_roles_data":[],"tiered_pricing_percentage_rules":[],"_links":{"self":[{"href":"https:\/\/jardinjasmin.com\/en\/wp-json\/wp\/v2\/product\/98400","targetHints":{"allow":["GET"]}}],"collection":[{"href":"https:\/\/jardinjasmin.com\/en\/wp-json\/wp\/v2\/product"}],"about":[{"href":"https:\/\/jardinjasmin.com\/en\/wp-json\/wp\/v2\/types\/product"}],"wp:featuredmedia":[{"embeddable":true,"href":"https:\/\/jardinjasmin.com\/en\/wp-json\/wp\/v2\/media\/98401"}],"wp:attachment":[{"href":"https:\/\/jardinjasmin.com\/en\/wp-json\/wp\/v2\/media?parent=98400"}],"wp:term":[{"taxonomy":"product_cat","embeddable":true,"href":"https:\/\/jardinjasmin.com\/en\/wp-json\/wp\/v2\/product_cat?post=98400"},{"taxonomy":"product_tag","embeddable":true,"href":"https:\/\/jardinjasmin.com\/en\/wp-json\/wp\/v2\/product_tag?post=98400"}],"curies":[{"name":"wp","href":"https:\/\/api.w.org\/{rel}","templated":true}]}}